{"id":15826,"date":"2023-09-10T16:41:36","date_gmt":"2023-09-10T15:41:36","guid":{"rendered":"https:\/\/hankstruebbq.com\/se\/?page_id=15826"},"modified":"2023-11-28T15:17:40","modified_gmt":"2023-11-28T14:17:40","slug":"fire-management-basket","status":"publish","type":"page","link":"https:\/\/hankstruebbq.com\/se\/fire-management-basket\/","title":{"rendered":"Fire Management Basket"},"content":{"rendered":"\n<p>En &#8221;fire management basket&#8221; \u00e4r ett tillbeh\u00f6r till offset smokers som skapar en b\u00e4ttre gl\u00f6db\u00e4dd och g\u00f6r att det blir enklare att hantera elden och d\u00e4rmed temperaturen. S\u00e5h\u00e4r byggde jag min.<\/p>\n\n\n\n<h2 class=\"wp-block-heading\">Grundl\u00e4ggande id\u00e9<\/h2>\n\n\n\n<p>N\u00e4r man eldar i en offset smoker \u00e4r det bra att bygga en gl\u00f6db\u00e4dd som \u00e4r lite tjockare. Eldar man direkt p\u00e5 botten av smokern eller p\u00e5 ett galler \u00e4r det sv\u00e5rt att f\u00e5 ihop en tjockare gl\u00f6db\u00e4dd d\u00e5 askan breder ut sig \u00e5t alla h\u00e5ll. Po\u00e4ngen med en tjockare gl\u00f6db\u00e4dd \u00e4r att det finns mer energi i gl\u00f6db\u00e4dden vilket g\u00f6r att n\u00e4sta vedtr\u00e4 man l\u00e4gger in har mindre inverkan, dvs det blir en mindre temperatur-dipp. Dessutom blir det s\u00e5 i praktiken att v\u00e4rmen h\u00e5ller ett par minuter l\u00e4ngre s\u00e5 man kan l\u00e4gga in vedtr\u00e4 mer s\u00e4llan. Normalt l\u00e4gger jag in ett vedtr\u00e4 var 10 minut, men med en s\u00e5n h\u00e4r korg som &#8221;samlar ihop&#8221; gl\u00f6den och g\u00f6r gl\u00f6db\u00e4dden tjockare r\u00e4cker det med att jag l\u00e4gger in ett vedtr\u00e4 var 20 minut. <\/p>\n\n\n\n<h2 class=\"wp-block-heading\">Konstruktion<\/h2>\n\n\n\n<p>Det finns m\u00e5nga olika s\u00e4tt att tillverka en s\u00e5n h\u00e4r eldkorg. Jag tog material jag hade hemma, dock s\u00e5dant som var v\u00e4ldimensionerat. Pl\u00e5ten jag anv\u00e4nder \u00e4r 5 mm st\u00e5lpl\u00e5t (vanligt svartst\u00e5l). De sm\u00e5 gallren p\u00e5 sidorna och botten \u00e4r vanlig str\u00e4ckmetall. De tv\u00e5 &#8221;f\u00f6tterna&#8221; jag svetsade dit \u00e4r massiv 20 x 20 mm fyrkantsstav. F\u00f6tterna g\u00f6r att luft tillf\u00f6rs \u00e4ven underifr\u00e5n, men man kan med f\u00f6rdel g\u00f6ra f\u00f6tterna lite klenare. Jag tog dessa f\u00f6r det var det jag hade liggande.<\/p>\n\n\n\n<h3 class=\"wp-block-heading\">Att t\u00e4nka p\u00e5<\/h3>\n\n\n\n<p>Som alltid \u00e4r det bra att m\u00e4ta b\u00e5de en och tv\u00e5 g\u00e5nger. G\u00e5r det att f\u00e5 in eldkorgen genom luckan till fireboxen? \u00c4r eldkorgen l\u00e5ng nog s\u00e5 att dina vedtr\u00e4n passar i den?<\/p>\n\n\n\n<figure class=\"wp-block-image size-large\"><a href=\"https:\/\/hankstruebbq.com\/se\/wp-content\/uploads\/2023\/09\/fire-management-basket-1.jpg\"><img loading=\"lazy\" decoding=\"async\" width=\"1000\" height=\"642\" src=\"https:\/\/hankstruebbq.com\/se\/wp-content\/uploads\/2023\/09\/fire-management-basket-1-1000x642.jpg\" alt=\"Fire Management Basket i offset smokern\" class=\"wp-image-15829\" srcset=\"https:\/\/hankstruebbq.com\/se\/wp-content\/uploads\/2023\/09\/fire-management-basket-1-1000x642.jpg 1000w, https:\/\/hankstruebbq.com\/se\/wp-content\/uploads\/2023\/09\/fire-management-basket-1-300x193.jpg 300w, https:\/\/hankstruebbq.com\/se\/wp-content\/uploads\/2023\/09\/fire-management-basket-1.jpg 1200w\" sizes=\"auto, (max-width: 1000px) 100vw, 1000px\" \/><\/a><figcaption class=\"wp-element-caption\">Fire Management Basket i offset smokern<\/figcaption><\/figure>\n\n\n\n<h2 class=\"wp-block-heading\">M\u00e5tt<\/h2>\n\n\n\n<p>H\u00e4r \u00e4r m\u00e5tten p\u00e5 de olika delarna:<\/p>\n\n\n\n<ul class=\"wp-block-list\">\n<li>Sidopl\u00e5tar: 30 cm breda, 25 cm h\u00f6ga, 5 mm pl\u00e5t<\/li>\n\n\n\n<li>Bakstycke: 12 cm bred i botten, 30 cm bred i toppen, 5 mm pl\u00e5t<\/li>\n\n\n\n<li>F\u00f6tter: 30 cm l\u00e5nga, 20&#215;20 mm fyrkantsst\u00e5l<\/li>\n\n\n\n<li>Bottengaller: 28 cm l\u00e5ng, 11 cm bred, str\u00e4ckmetall<\/li>\n<\/ul>\n\n\n\n<h2 class=\"wp-block-heading\">YouTube-video<\/h2>\n\n\n\n<figure class=\"wp-block-embed is-type-video is-provider-youtube wp-block-embed-youtube wp-embed-aspect-16-9 wp-has-aspect-ratio\"><div class=\"wp-block-embed__wrapper\">\n<div class=\"epyt-video-wrapper\"><iframe loading=\"lazy\"  style=\"display: block; margin: 0px auto;\"  id=\"_ytid_40206\"  width=\"480\" height=\"270\"  data-origwidth=\"480\" data-origheight=\"270\" src=\"https:\/\/www.youtube.com\/embed\/JEj3-Eey2UA?enablejsapi=1&#038;origin=https:\/\/hankstruebbq.com&#038;autoplay=0&#038;cc_load_policy=0&#038;cc_lang_pref=&#038;iv_load_policy=1&#038;loop=0&#038;rel=0&#038;fs=1&#038;playsinline=0&#038;autohide=2&#038;hl=sv_SE&#038;theme=dark&#038;color=red&#038;controls=1&#038;disablekb=0&#038;\" class=\"__youtube_prefs__  epyt-is-override  no-lazyload\" title=\"YouTube player\"  allow=\"fullscreen; accelerometer; autoplay; clipboard-write; encrypted-media; gyroscope; picture-in-picture; web-share\" referrerpolicy=\"strict-origin-when-cross-origin\" allowfullscreen data-no-lazy=\"1\" data-skipgform_ajax_framebjll=\"\"><\/iframe><\/div>\n<\/div><\/figure>\n","protected":false},"excerpt":{"rendered":"<p>En &#8221;fire management basket&#8221; \u00e4r ett tillbeh\u00f6r till offset smokers som skapar en b\u00e4ttre gl\u00f6db\u00e4dd och g\u00f6r att det blir enklare att hantera elden och d\u00e4rmed temperaturen. S\u00e5h\u00e4r byggde jag min. Grundl\u00e4ggande id\u00e9 N\u00e4r man eldar i en offset smoker \u00e4r det bra att bygga en gl\u00f6db\u00e4dd som \u00e4r lite tjockare. Eldar man direkt p\u00e5 [&hellip;]<\/p>\n","protected":false},"author":1,"featured_media":15830,"parent":0,"menu_order":0,"comment_status":"closed","ping_status":"closed","template":"","meta":{"wprm-recipe-roundup-name":"","wprm-recipe-roundup-description":"","site-sidebar-layout":"default","site-content-layout":"","ast-site-content-layout":"default","site-content-style":"default","site-sidebar-style":"default","ast-global-header-display":"","ast-banner-title-visibility":"","ast-main-header-display":"","ast-hfb-above-header-display":"","ast-hfb-below-header-display":"","ast-hfb-mobile-header-display":"","site-post-title":"","ast-breadcrumbs-content":"","ast-featured-img":"","footer-sml-layout":"","ast-disable-related-posts":"","theme-transparent-header-meta":"","adv-header-id-meta":"","stick-header-meta":"","header-above-stick-meta":"","header-main-stick-meta":"","header-below-stick-meta":"","astra-migrate-meta-layouts":"set","ast-page-background-enabled":"default","ast-page-background-meta":{"desktop":{"background-color":"","background-image":"","background-repeat":"repeat","background-position":"center center","background-size":"auto","background-attachment":"scroll","background-type":"","background-media":"","overlay-type":"","overlay-color":"","overlay-opacity":"","overlay-gradient":""},"tablet":{"background-color":"","background-image":"","background-repeat":"repeat","background-position":"center center","background-size":"auto","background-attachment":"scroll","background-type":"","background-media":"","overlay-type":"","overlay-color":"","overlay-opacity":"","overlay-gradient":""},"mobile":{"background-color":"","background-image":"","background-repeat":"repeat","background-position":"center center","background-size":"auto","background-attachment":"scroll","background-type":"","background-media":"","overlay-type":"","overlay-color":"","overlay-opacity":"","overlay-gradient":""}},"ast-content-background-meta":{"desktop":{"background-color":"var(--ast-global-color-5)","background-image":"","background-repeat":"repeat","background-position":"center center","background-size":"auto","background-attachment":"scroll","background-type":"","background-media":"","overlay-type":"","overlay-color":"","overlay-opacity":"","overlay-gradient":""},"tablet":{"background-color":"var(--ast-global-color-5)","background-image":"","background-repeat":"repeat","background-position":"center center","background-size":"auto","background-attachment":"scroll","background-type":"","background-media":"","overlay-type":"","overlay-color":"","overlay-opacity":"","overlay-gradient":""},"mobile":{"background-color":"var(--ast-global-color-5)","background-image":"","background-repeat":"repeat","background-position":"center center","background-size":"auto","background-attachment":"scroll","background-type":"","background-media":"","overlay-type":"","overlay-color":"","overlay-opacity":"","overlay-gradient":""}},"jetpack_post_was_ever_published":false,"footnotes":""},"class_list":["post-15826","page","type-page","status-publish","has-post-thumbnail","hentry"],"yoast_head":"<!-- This site is optimized with the Yoast SEO plugin v27.4 - https:\/\/yoast.com\/product\/yoast-seo-wordpress\/ -->\n<title>Fire Management Basket - Hank&#039;s True BBQ\u2122<\/title>\n<meta name=\"description\" content=\"En &quot;fire management basket&quot; \u00e4r ett tillbeh\u00f6r till offset smokers som skapar en b\u00e4ttre gl\u00f6db\u00e4dd och g\u00f6r att det blir enklare att hantera elden och d\u00e4rmed temperaturen. S\u00e5h\u00e4r byggde jag min.\" \/>\n<meta name=\"robots\" content=\"index, follow, max-snippet:-1, max-image-preview:large, max-video-preview:-1\" \/>\n<link rel=\"canonical\" href=\"https:\/\/hankstruebbq.com\/se\/fire-management-basket\/\" \/>\n<meta property=\"og:locale\" content=\"sv_SE\" \/>\n<meta property=\"og:type\" content=\"article\" \/>\n<meta property=\"og:title\" content=\"Fire Management Basket - Hank&#039;s True BBQ\u2122\" \/>\n<meta property=\"og:description\" content=\"En &quot;fire management basket&quot; \u00e4r ett tillbeh\u00f6r till offset smokers som skapar en b\u00e4ttre gl\u00f6db\u00e4dd och g\u00f6r att det blir enklare att hantera elden och d\u00e4rmed temperaturen. S\u00e5h\u00e4r byggde jag min.\" \/>\n<meta property=\"og:url\" content=\"https:\/\/hankstruebbq.com\/se\/fire-management-basket\/\" \/>\n<meta property=\"og:site_name\" content=\"Hank&#039;s True BBQ\u2122\" \/>\n<meta property=\"article:modified_time\" content=\"2023-11-28T14:17:40+00:00\" \/>\n<meta property=\"og:image\" content=\"https:\/\/hankstruebbq.com\/se\/wp-content\/uploads\/2023\/09\/fire-management-basket.jpg\" \/>\n\t<meta property=\"og:image:width\" content=\"1200\" \/>\n\t<meta property=\"og:image:height\" content=\"706\" \/>\n\t<meta property=\"og:image:type\" content=\"image\/jpeg\" \/>\n<meta name=\"twitter:card\" content=\"summary_large_image\" \/>\n<meta name=\"twitter:site\" content=\"@hankstruebbq\" \/>\n<meta name=\"twitter:label1\" content=\"Ber\u00e4knad l\u00e4stid\" \/>\n\t<meta name=\"twitter:data1\" content=\"2 minuter\" \/>\n<script type=\"application\/ld+json\" class=\"yoast-schema-graph\">{\"@context\":\"https:\\\/\\\/schema.org\",\"@graph\":[{\"@type\":\"WebPage\",\"@id\":\"https:\\\/\\\/hankstruebbq.com\\\/se\\\/fire-management-basket\\\/\",\"url\":\"https:\\\/\\\/hankstruebbq.com\\\/se\\\/fire-management-basket\\\/\",\"name\":\"Fire Management Basket - Hank&#039;s True BBQ\u2122\",\"isPartOf\":{\"@id\":\"https:\\\/\\\/hankstruebbq.com\\\/se\\\/#website\"},\"primaryImageOfPage\":{\"@id\":\"https:\\\/\\\/hankstruebbq.com\\\/se\\\/fire-management-basket\\\/#primaryimage\"},\"image\":{\"@id\":\"https:\\\/\\\/hankstruebbq.com\\\/se\\\/fire-management-basket\\\/#primaryimage\"},\"thumbnailUrl\":\"https:\\\/\\\/hankstruebbq.com\\\/se\\\/wp-content\\\/uploads\\\/2023\\\/09\\\/fire-management-basket.jpg\",\"datePublished\":\"2023-09-10T15:41:36+00:00\",\"dateModified\":\"2023-11-28T14:17:40+00:00\",\"description\":\"En \\\"fire management basket\\\" \u00e4r ett tillbeh\u00f6r till offset smokers som skapar en b\u00e4ttre gl\u00f6db\u00e4dd och g\u00f6r att det blir enklare att hantera elden och d\u00e4rmed temperaturen. S\u00e5h\u00e4r byggde jag min.\",\"breadcrumb\":{\"@id\":\"https:\\\/\\\/hankstruebbq.com\\\/se\\\/fire-management-basket\\\/#breadcrumb\"},\"inLanguage\":\"sv-SE\",\"potentialAction\":[{\"@type\":\"ReadAction\",\"target\":[\"https:\\\/\\\/hankstruebbq.com\\\/se\\\/fire-management-basket\\\/\"]}]},{\"@type\":\"ImageObject\",\"inLanguage\":\"sv-SE\",\"@id\":\"https:\\\/\\\/hankstruebbq.com\\\/se\\\/fire-management-basket\\\/#primaryimage\",\"url\":\"https:\\\/\\\/hankstruebbq.com\\\/se\\\/wp-content\\\/uploads\\\/2023\\\/09\\\/fire-management-basket.jpg\",\"contentUrl\":\"https:\\\/\\\/hankstruebbq.com\\\/se\\\/wp-content\\\/uploads\\\/2023\\\/09\\\/fire-management-basket.jpg\",\"width\":1200,\"height\":706,\"caption\":\"Fire Management Basket\"},{\"@type\":\"BreadcrumbList\",\"@id\":\"https:\\\/\\\/hankstruebbq.com\\\/se\\\/fire-management-basket\\\/#breadcrumb\",\"itemListElement\":[{\"@type\":\"ListItem\",\"position\":1,\"name\":\"Home\",\"item\":\"https:\\\/\\\/hankstruebbq.com\\\/se\\\/\"},{\"@type\":\"ListItem\",\"position\":2,\"name\":\"Fire Management Basket\"}]},{\"@type\":\"WebSite\",\"@id\":\"https:\\\/\\\/hankstruebbq.com\\\/se\\\/#website\",\"url\":\"https:\\\/\\\/hankstruebbq.com\\\/se\\\/\",\"name\":\"Hank&#039;s True BBQ\u2122\",\"description\":\"Barbecue p\u00e5 svenska\",\"publisher\":{\"@id\":\"https:\\\/\\\/hankstruebbq.com\\\/se\\\/#organization\"},\"potentialAction\":[{\"@type\":\"SearchAction\",\"target\":{\"@type\":\"EntryPoint\",\"urlTemplate\":\"https:\\\/\\\/hankstruebbq.com\\\/se\\\/?s={search_term_string}\"},\"query-input\":{\"@type\":\"PropertyValueSpecification\",\"valueRequired\":true,\"valueName\":\"search_term_string\"}}],\"inLanguage\":\"sv-SE\"},{\"@type\":\"Organization\",\"@id\":\"https:\\\/\\\/hankstruebbq.com\\\/se\\\/#organization\",\"name\":\"Hank's True BBQ\",\"url\":\"https:\\\/\\\/hankstruebbq.com\\\/se\\\/\",\"logo\":{\"@type\":\"ImageObject\",\"inLanguage\":\"sv-SE\",\"@id\":\"https:\\\/\\\/hankstruebbq.com\\\/se\\\/#\\\/schema\\\/logo\\\/image\\\/\",\"url\":\"https:\\\/\\\/hankstruebbq.com\\\/se\\\/wp-content\\\/uploads\\\/2016\\\/05\\\/HanksTrueBBQLogo.png\",\"contentUrl\":\"https:\\\/\\\/hankstruebbq.com\\\/se\\\/wp-content\\\/uploads\\\/2016\\\/05\\\/HanksTrueBBQLogo.png\",\"width\":350,\"height\":350,\"caption\":\"Hank's True BBQ\"},\"image\":{\"@id\":\"https:\\\/\\\/hankstruebbq.com\\\/se\\\/#\\\/schema\\\/logo\\\/image\\\/\"},\"sameAs\":[\"https:\\\/\\\/x.com\\\/hankstruebbq\",\"https:\\\/\\\/www.instagram.com\\\/hankstruebbq\\\/\",\"https:\\\/\\\/www.youtube.com\\\/c\\\/Hankstruebbq\"]}]}<\/script>\n<!-- \/ Yoast SEO plugin. -->","yoast_head_json":{"title":"Fire Management Basket - Hank&#039;s True BBQ\u2122","description":"En \"fire management basket\" \u00e4r ett tillbeh\u00f6r till offset smokers som skapar en b\u00e4ttre gl\u00f6db\u00e4dd och g\u00f6r att det blir enklare att hantera elden och d\u00e4rmed temperaturen. S\u00e5h\u00e4r byggde jag min.","robots":{"index":"index","follow":"follow","max-snippet":"max-snippet:-1","max-image-preview":"max-image-preview:large","max-video-preview":"max-video-preview:-1"},"canonical":"https:\/\/hankstruebbq.com\/se\/fire-management-basket\/","og_locale":"sv_SE","og_type":"article","og_title":"Fire Management Basket - Hank&#039;s True BBQ\u2122","og_description":"En \"fire management basket\" \u00e4r ett tillbeh\u00f6r till offset smokers som skapar en b\u00e4ttre gl\u00f6db\u00e4dd och g\u00f6r att det blir enklare att hantera elden och d\u00e4rmed temperaturen. S\u00e5h\u00e4r byggde jag min.","og_url":"https:\/\/hankstruebbq.com\/se\/fire-management-basket\/","og_site_name":"Hank&#039;s True BBQ\u2122","article_modified_time":"2023-11-28T14:17:40+00:00","og_image":[{"width":1200,"height":706,"url":"https:\/\/hankstruebbq.com\/se\/wp-content\/uploads\/2023\/09\/fire-management-basket.jpg","type":"image\/jpeg"}],"twitter_card":"summary_large_image","twitter_site":"@hankstruebbq","twitter_misc":{"Ber\u00e4knad l\u00e4stid":"2 minuter"},"schema":{"@context":"https:\/\/schema.org","@graph":[{"@type":"WebPage","@id":"https:\/\/hankstruebbq.com\/se\/fire-management-basket\/","url":"https:\/\/hankstruebbq.com\/se\/fire-management-basket\/","name":"Fire Management Basket - Hank&#039;s True BBQ\u2122","isPartOf":{"@id":"https:\/\/hankstruebbq.com\/se\/#website"},"primaryImageOfPage":{"@id":"https:\/\/hankstruebbq.com\/se\/fire-management-basket\/#primaryimage"},"image":{"@id":"https:\/\/hankstruebbq.com\/se\/fire-management-basket\/#primaryimage"},"thumbnailUrl":"https:\/\/hankstruebbq.com\/se\/wp-content\/uploads\/2023\/09\/fire-management-basket.jpg","datePublished":"2023-09-10T15:41:36+00:00","dateModified":"2023-11-28T14:17:40+00:00","description":"En \"fire management basket\" \u00e4r ett tillbeh\u00f6r till offset smokers som skapar en b\u00e4ttre gl\u00f6db\u00e4dd och g\u00f6r att det blir enklare att hantera elden och d\u00e4rmed temperaturen. S\u00e5h\u00e4r byggde jag min.","breadcrumb":{"@id":"https:\/\/hankstruebbq.com\/se\/fire-management-basket\/#breadcrumb"},"inLanguage":"sv-SE","potentialAction":[{"@type":"ReadAction","target":["https:\/\/hankstruebbq.com\/se\/fire-management-basket\/"]}]},{"@type":"ImageObject","inLanguage":"sv-SE","@id":"https:\/\/hankstruebbq.com\/se\/fire-management-basket\/#primaryimage","url":"https:\/\/hankstruebbq.com\/se\/wp-content\/uploads\/2023\/09\/fire-management-basket.jpg","contentUrl":"https:\/\/hankstruebbq.com\/se\/wp-content\/uploads\/2023\/09\/fire-management-basket.jpg","width":1200,"height":706,"caption":"Fire Management Basket"},{"@type":"BreadcrumbList","@id":"https:\/\/hankstruebbq.com\/se\/fire-management-basket\/#breadcrumb","itemListElement":[{"@type":"ListItem","position":1,"name":"Home","item":"https:\/\/hankstruebbq.com\/se\/"},{"@type":"ListItem","position":2,"name":"Fire Management Basket"}]},{"@type":"WebSite","@id":"https:\/\/hankstruebbq.com\/se\/#website","url":"https:\/\/hankstruebbq.com\/se\/","name":"Hank&#039;s True BBQ\u2122","description":"Barbecue p\u00e5 svenska","publisher":{"@id":"https:\/\/hankstruebbq.com\/se\/#organization"},"potentialAction":[{"@type":"SearchAction","target":{"@type":"EntryPoint","urlTemplate":"https:\/\/hankstruebbq.com\/se\/?s={search_term_string}"},"query-input":{"@type":"PropertyValueSpecification","valueRequired":true,"valueName":"search_term_string"}}],"inLanguage":"sv-SE"},{"@type":"Organization","@id":"https:\/\/hankstruebbq.com\/se\/#organization","name":"Hank's True BBQ","url":"https:\/\/hankstruebbq.com\/se\/","logo":{"@type":"ImageObject","inLanguage":"sv-SE","@id":"https:\/\/hankstruebbq.com\/se\/#\/schema\/logo\/image\/","url":"https:\/\/hankstruebbq.com\/se\/wp-content\/uploads\/2016\/05\/HanksTrueBBQLogo.png","contentUrl":"https:\/\/hankstruebbq.com\/se\/wp-content\/uploads\/2016\/05\/HanksTrueBBQLogo.png","width":350,"height":350,"caption":"Hank's True BBQ"},"image":{"@id":"https:\/\/hankstruebbq.com\/se\/#\/schema\/logo\/image\/"},"sameAs":["https:\/\/x.com\/hankstruebbq","https:\/\/www.instagram.com\/hankstruebbq\/","https:\/\/www.youtube.com\/c\/Hankstruebbq"]}]}},"jetpack_sharing_enabled":true,"jetpack-related-posts":[{"id":5900,"url":"https:\/\/hankstruebbq.com\/se\/parrilla\/","url_meta":{"origin":15826,"position":0},"title":"Parrilla","author":"Henrik Oscarsson","date":"2 augusti 2019","format":false,"excerpt":"\u00c4r du nyfiken p\u00e5 de olika s\u00e4tten att grilla i fr\u00e4mst Sydamerika? H\u00e4r kommer en genomg\u00e5ng av vad en Parrilla \u00e4r och hur man anv\u00e4nder den.","rel":"","context":"I \u201dBBQ-tekniker\u201d","block_context":{"text":"BBQ-tekniker","link":"https:\/\/hankstruebbq.com\/se\/category\/bbq-tekniker\/"},"img":{"alt_text":"Parrilla","src":"https:\/\/i0.wp.com\/hankstruebbq.com\/se\/wp-content\/uploads\/2019\/07\/parrilla-e1688459492176.jpg?resize=350%2C200&ssl=1","width":350,"height":200,"srcset":"https:\/\/i0.wp.com\/hankstruebbq.com\/se\/wp-content\/uploads\/2019\/07\/parrilla-e1688459492176.jpg?resize=350%2C200&ssl=1 1x, https:\/\/i0.wp.com\/hankstruebbq.com\/se\/wp-content\/uploads\/2019\/07\/parrilla-e1688459492176.jpg?resize=525%2C300&ssl=1 1.5x, https:\/\/i0.wp.com\/hankstruebbq.com\/se\/wp-content\/uploads\/2019\/07\/parrilla-e1688459492176.jpg?resize=700%2C400&ssl=1 2x"},"classes":[]},{"id":6462,"url":"https:\/\/hankstruebbq.com\/se\/caveman-grilling\/","url_meta":{"origin":15826,"position":1},"title":"Caveman grilling","author":"Henrik Oscarsson","date":"1 november 2019","format":false,"excerpt":"Caveman grilling, eller Caveman style, \u00e4r en grillteknik d\u00e4r man jobbar direkt med elden och kolb\u00e4dden.","rel":"","context":"I \u201dBBQ-tekniker\u201d","block_context":{"text":"BBQ-tekniker","link":"https:\/\/hankstruebbq.com\/se\/category\/bbq-tekniker\/"},"img":{"alt_text":"Caveman grilling","src":"https:\/\/i0.wp.com\/hankstruebbq.com\/se\/wp-content\/uploads\/2019\/10\/Caveman-grilling.jpg?resize=350%2C200&ssl=1","width":350,"height":200,"srcset":"https:\/\/i0.wp.com\/hankstruebbq.com\/se\/wp-content\/uploads\/2019\/10\/Caveman-grilling.jpg?resize=350%2C200&ssl=1 1x, https:\/\/i0.wp.com\/hankstruebbq.com\/se\/wp-content\/uploads\/2019\/10\/Caveman-grilling.jpg?resize=525%2C300&ssl=1 1.5x, https:\/\/i0.wp.com\/hankstruebbq.com\/se\/wp-content\/uploads\/2019\/10\/Caveman-grilling.jpg?resize=700%2C400&ssl=1 2x, https:\/\/i0.wp.com\/hankstruebbq.com\/se\/wp-content\/uploads\/2019\/10\/Caveman-grilling.jpg?resize=1050%2C600&ssl=1 3x"},"classes":[]},{"id":12614,"url":"https:\/\/hankstruebbq.com\/se\/hanks-hot-box\/","url_meta":{"origin":15826,"position":2},"title":"Hank&#8217;s Hot Box","author":"Henrik Oscarsson","date":"15 juli 2022","format":false,"excerpt":"Ja, vad kallar man en multi-funktionell grill, byggd som en Hill Country smoker? Hank's Hot Box blev det, och den \u00e4r b\u00e5de smidig och m\u00e5ngsidig. S\u00e5 h\u00e4r bygger du en egen.","rel":"","context":"I \u201dDIY\u201d","block_context":{"text":"DIY","link":"https:\/\/hankstruebbq.com\/se\/category\/diy\/"},"img":{"alt_text":"Hank's Hot Box","src":"https:\/\/i0.wp.com\/hankstruebbq.com\/se\/wp-content\/uploads\/2024\/09\/hanks-hot-box.jpg?resize=350%2C200&ssl=1","width":350,"height":200,"srcset":"https:\/\/i0.wp.com\/hankstruebbq.com\/se\/wp-content\/uploads\/2024\/09\/hanks-hot-box.jpg?resize=350%2C200&ssl=1 1x, https:\/\/i0.wp.com\/hankstruebbq.com\/se\/wp-content\/uploads\/2024\/09\/hanks-hot-box.jpg?resize=525%2C300&ssl=1 1.5x, https:\/\/i0.wp.com\/hankstruebbq.com\/se\/wp-content\/uploads\/2024\/09\/hanks-hot-box.jpg?resize=700%2C400&ssl=1 2x, https:\/\/i0.wp.com\/hankstruebbq.com\/se\/wp-content\/uploads\/2024\/09\/hanks-hot-box.jpg?resize=1050%2C600&ssl=1 3x"},"classes":[]},{"id":4301,"url":"https:\/\/hankstruebbq.com\/se\/hanks-offset-smoker-manifest\/","url_meta":{"origin":15826,"position":3},"title":"Hank&#8217;s Offset Smoker Manifest","author":"Henrik Oscarsson","date":"26 april 2017","format":false,"excerpt":"Tankar och id\u00e9er om hur man bygger en egen Offset Smoker, och vad som \u00e4r viktigt att t\u00e4nka p\u00e5.","rel":"","context":"I \u201dRecept\u201d","block_context":{"text":"Recept","link":"https:\/\/hankstruebbq.com\/se\/category\/recept\/"},"img":{"alt_text":"Smoker blueprint","src":"https:\/\/i0.wp.com\/hankstruebbq.com\/se\/wp-content\/uploads\/2017\/03\/smoker_blueprint_1.jpg?resize=350%2C200&ssl=1","width":350,"height":200,"srcset":"https:\/\/i0.wp.com\/hankstruebbq.com\/se\/wp-content\/uploads\/2017\/03\/smoker_blueprint_1.jpg?resize=350%2C200&ssl=1 1x, https:\/\/i0.wp.com\/hankstruebbq.com\/se\/wp-content\/uploads\/2017\/03\/smoker_blueprint_1.jpg?resize=525%2C300&ssl=1 1.5x, https:\/\/i0.wp.com\/hankstruebbq.com\/se\/wp-content\/uploads\/2017\/03\/smoker_blueprint_1.jpg?resize=700%2C400&ssl=1 2x"},"classes":[]},{"id":15499,"url":"https:\/\/hankstruebbq.com\/se\/offsetsmokers\/","url_meta":{"origin":15826,"position":4},"title":"Offset Smokers","author":"Henrik Oscarsson","date":"3 juli 2023","format":false,"excerpt":"Min passion f\u00f6r barbecue har gjort att jag b\u00f6rjat tillverka offset smokers. Jag har lagt ner all min erfarenhet som pit master, och all min ingenj\u00f6rskunskap f\u00f6r att kunna erbjuda en \u00e4kta offset smoker som kommer vara din kompanjon f\u00f6r resten av livet.","rel":"","context":"Liknande inl\u00e4gg","block_context":{"text":"Liknande inl\u00e4gg","link":""},"img":{"alt_text":"Hank's True Smokers\u2122","src":"https:\/\/i0.wp.com\/hankstruebbq.com\/se\/wp-content\/uploads\/2020\/08\/HanksTrueSmokers.jpg?resize=350%2C200&ssl=1","width":350,"height":200,"srcset":"https:\/\/i0.wp.com\/hankstruebbq.com\/se\/wp-content\/uploads\/2020\/08\/HanksTrueSmokers.jpg?resize=350%2C200&ssl=1 1x, https:\/\/i0.wp.com\/hankstruebbq.com\/se\/wp-content\/uploads\/2020\/08\/HanksTrueSmokers.jpg?resize=525%2C300&ssl=1 1.5x, https:\/\/i0.wp.com\/hankstruebbq.com\/se\/wp-content\/uploads\/2020\/08\/HanksTrueSmokers.jpg?resize=700%2C400&ssl=1 2x, https:\/\/i0.wp.com\/hankstruebbq.com\/se\/wp-content\/uploads\/2020\/08\/HanksTrueSmokers.jpg?resize=1050%2C600&ssl=1 3x"},"classes":[]},{"id":10841,"url":"https:\/\/hankstruebbq.com\/se\/skotselrad-och-tips\/","url_meta":{"origin":15826,"position":5},"title":"Sk\u00f6tselr\u00e5d och tips","author":"Henrik Oscarsson","date":"26 oktober 2021","format":false,"excerpt":"S\u00e5 h\u00e4r sk\u00f6ter du din offset smoker fr\u00e5n Hank's True BBQ\u2122 f\u00f6r att h\u00e5lla den i topptrim i m\u00e5nga \u00e5r.","rel":"","context":"I \u201dDIY\u201d","block_context":{"text":"DIY","link":"https:\/\/hankstruebbq.com\/se\/category\/diy\/"},"img":{"alt_text":"Hank's True Smokers\u2122 - termometer","src":"https:\/\/i0.wp.com\/hankstruebbq.com\/se\/wp-content\/uploads\/2021\/04\/HanksTrueSmokers-features-4.jpg?resize=350%2C200&ssl=1","width":350,"height":200,"srcset":"https:\/\/i0.wp.com\/hankstruebbq.com\/se\/wp-content\/uploads\/2021\/04\/HanksTrueSmokers-features-4.jpg?resize=350%2C200&ssl=1 1x, https:\/\/i0.wp.com\/hankstruebbq.com\/se\/wp-content\/uploads\/2021\/04\/HanksTrueSmokers-features-4.jpg?resize=525%2C300&ssl=1 1.5x, https:\/\/i0.wp.com\/hankstruebbq.com\/se\/wp-content\/uploads\/2021\/04\/HanksTrueSmokers-features-4.jpg?resize=700%2C400&ssl=1 2x, https:\/\/i0.wp.com\/hankstruebbq.com\/se\/wp-content\/uploads\/2021\/04\/HanksTrueSmokers-features-4.jpg?resize=1050%2C600&ssl=1 3x"},"classes":[]}],"_links":{"self":[{"href":"https:\/\/hankstruebbq.com\/se\/wp-json\/wp\/v2\/pages\/15826","targetHints":{"allow":["GET"]}}],"collection":[{"href":"https:\/\/hankstruebbq.com\/se\/wp-json\/wp\/v2\/pages"}],"about":[{"href":"https:\/\/hankstruebbq.com\/se\/wp-json\/wp\/v2\/types\/page"}],"author":[{"embeddable":true,"href":"https:\/\/hankstruebbq.com\/se\/wp-json\/wp\/v2\/users\/1"}],"replies":[{"embeddable":true,"href":"https:\/\/hankstruebbq.com\/se\/wp-json\/wp\/v2\/comments?post=15826"}],"version-history":[{"count":4,"href":"https:\/\/hankstruebbq.com\/se\/wp-json\/wp\/v2\/pages\/15826\/revisions"}],"predecessor-version":[{"id":16180,"href":"https:\/\/hankstruebbq.com\/se\/wp-json\/wp\/v2\/pages\/15826\/revisions\/16180"}],"wp:featuredmedia":[{"embeddable":true,"href":"https:\/\/hankstruebbq.com\/se\/wp-json\/wp\/v2\/media\/15830"}],"wp:attachment":[{"href":"https:\/\/hankstruebbq.com\/se\/wp-json\/wp\/v2\/media?parent=15826"}],"curies":[{"name":"wp","href":"https:\/\/api.w.org\/{rel}","templated":true}]}}