{"id":3176,"date":"2016-05-03T14:13:41","date_gmt":"2016-05-03T13:13:41","guid":{"rendered":"https:\/\/hankstruebbq.com\/se\/?page_id=3176"},"modified":"2026-03-02T07:13:01","modified_gmt":"2026-03-02T06:13:01","slug":"om-sajten","status":"publish","type":"page","link":"https:\/\/hankstruebbq.com\/se\/om-sajten\/","title":{"rendered":"Om Hank&#8217;s"},"content":{"rendered":"\n<figure class=\"wp-block-image alignright size-large\"><a href=\"https:\/\/hankstruebbq.com\/se\/wp-content\/uploads\/2021\/03\/Profilbild5_sv_small.jpg\"><img loading=\"lazy\" decoding=\"async\" width=\"300\" height=\"345\" src=\"https:\/\/hankstruebbq.com\/se\/wp-content\/uploads\/2021\/03\/Profilbild5_sv_small.jpg\" alt=\"Henrik &quot;Hank&quot; Oscarsson\" class=\"wp-image-9855\" srcset=\"https:\/\/hankstruebbq.com\/se\/wp-content\/uploads\/2021\/03\/Profilbild5_sv_small.jpg 300w, https:\/\/hankstruebbq.com\/se\/wp-content\/uploads\/2021\/03\/Profilbild5_sv_small-261x300.jpg 261w\" sizes=\"auto, (max-width: 300px) 100vw, 300px\" \/><\/a><figcaption class=\"wp-element-caption\">Henrik &#8221;Hank&#8221; Oscarsson<\/figcaption><\/figure>\n\n\n\n<p>Hej, mitt namn \u00e4r Henrik. Mitt smeknamn var Hank n\u00e4r jag gick p\u00e5 High School i Iola, Kansas. D\u00e4rav namnet p\u00e5 sajten. Hank&#8217;s <em>True<\/em> BBQ. F\u00f6r mig betyder det att g\u00f6ra p\u00e5 r\u00e4tt s\u00e4tt, och l\u00e5ta processen ha sin g\u00e5ng. Bra barbecue brukar ta l\u00e5ng tid, men det \u00e4r v\u00e4l v\u00e4rt v\u00e4ntan enligt mig.<\/p>\n\n\n\n<p>Jag provade \u00e4kta Texas-barbecue f\u00f6r m\u00e5nga \u00e5r sedan, och var b\u00e5de f\u00f6rbluffad och imponerad. Hur f\u00e5r man s\u00e5 smakrikt och saftigt slutresultat p\u00e5 (relativt) billiga styckningsdetaljer, som har legat s\u00e5 l\u00e4nge i r\u00f6ken? Hur skapar man en riktig s\u00f6t klistrig barbecue-s\u00e5s? Jag ins\u00e5g att jag m\u00e5ste g\u00e5 till botten med det h\u00e4r. V\u00e4nda p\u00e5 alla stenar. Under 2013 tog jag till och med ledigt i 5 m\u00e5nader f\u00f6r att endast \u00e4gna mig \u00e5t barbecue. Nu vet jag hur man g\u00f6r, och vad som kr\u00e4vs. Senare b\u00f6rjade jag bygga upp den h\u00e4r sajten f\u00f6r att dela mina erfarenheter, kunskap och recept. Jag tar sj\u00e4lv alla bilder, och skriver allt p\u00e5 b\u00e5de engelska och svenska. Det \u00e4r ett digert arbete, hoppas ni uppskattar vad ni ser.<\/p>\n\n\n\n<p>F\u00f6rutom en <a href=\"https:\/\/hankstruebbq.com\/se\/lar-dig-barbecue\/\">massa artiklar<\/a> som g\u00e5r igenom grunderna och de olika momenten finns massor av <a href=\"https:\/\/hankstruebbq.com\/se\/recept\/\">recept<\/a>, b\u00e5de f\u00f6r grill och inomhusk\u00f6k.<\/p>\n\n\n\n<h2 class=\"wp-block-heading\">Boken<\/h2>\n\n\n\n<p>I maj 2017 publicerade jag boken <a href=\"https:\/\/www.adlibris.com\/sv\/bok\/barbecue-pa-svenska-9789163933448\" target=\"_blank\" rel=\"noreferrer noopener\">Barbecue p\u00e5 svenska<\/a>. Den andra uppdaterade utg\u00e5van kom 2020. Boken g\u00e5r \u00e4nnu mer p\u00e5 djupet inom barbecue och grillning \u00e4n vad den h\u00e4r sajten g\u00f6r. Jag \u00e4r oerh\u00f6rt n\u00f6jd med den, och den \u00e4r utgiven p\u00e5 b\u00e5de svenska och engelska. Skaffa ditt ex nu!<\/p>\n\n\n\n<p>Jag var ocks\u00e5, som f\u00f6rsta icke-amerikan n\u00e5gonsin, moderator f\u00f6r <a href=\"https:\/\/amazingribs.com\/\" target=\"_blank\" rel=\"noreferrer noopener\">AmazingRibs.com<\/a> och deras <a href=\"https:\/\/amazingribs.com\/information-about-our-pitmaster-club\/\" target=\"_blank\" rel=\"noreferrer noopener\">Pitmaster Club<\/a> (diskussionsforum) 2017-2019.<\/p>\n\n\n\n<h2 class=\"wp-block-heading\">Kontakt<\/h2>\n\n\n\n<p>S\u00e4g till om du undrar \u00f6ver detaljerna i n\u00e5got recept, eller&nbsp;har fr\u00e5gor, feedback eller vill diskutera ingredienser.&nbsp;Oavsett anledning,&nbsp;anv\u00e4nd formul\u00e4ret nedan f\u00f6r att komma i kontakt med mig.<\/p>\n\n\n<div class=\"wp-block-jetpack-contact-form is-layout-flex wp-container-jetpack-contact-form-is-layout-2b4208ba wp-block-jetpack-contact-form-is-layout-flex\"><a href=\"https:\/\/hankstruebbq.com\/se\/om-sajten\/\" target=\"_blank\" rel=\"noopener noreferrer\">Skicka ett formul\u00e4r.<\/a><\/div>","protected":false},"excerpt":{"rendered":"<p>Lite information om hur sajten kom till och vem jag \u00e4r som skriver, samt vad jag \u00e5stadkommit hittills.<\/p>\n","protected":false},"author":1,"featured_media":0,"parent":0,"menu_order":0,"comment_status":"closed","ping_status":"closed","template":"","meta":{"wprm-recipe-roundup-name":"","wprm-recipe-roundup-description":"","site-sidebar-layout":"default","site-content-layout":"default","ast-site-content-layout":"default","site-content-style":"default","site-sidebar-style":"default","ast-global-header-display":"","ast-banner-title-visibility":"","ast-main-header-display":"","ast-hfb-above-header-display":"","ast-hfb-below-header-display":"","ast-hfb-mobile-header-display":"","site-post-title":"","ast-breadcrumbs-content":"","ast-featured-img":"","footer-sml-layout":"","ast-disable-related-posts":"","theme-transparent-header-meta":"default","adv-header-id-meta":"","stick-header-meta":"","header-above-stick-meta":"","header-main-stick-meta":"","header-below-stick-meta":"","astra-migrate-meta-layouts":"set","ast-page-background-enabled":"default","ast-page-background-meta":{"desktop":{"background-color":"","background-image":"","background-repeat":"repeat","background-position":"center center","background-size":"auto","background-attachment":"scroll","background-type":"","background-media":"","overlay-type":"","overlay-color":"","overlay-opacity":"","overlay-gradient":""},"tablet":{"background-color":"","background-image":"","background-repeat":"repeat","background-position":"center center","background-size":"auto","background-attachment":"scroll","background-type":"","background-media":"","overlay-type":"","overlay-color":"","overlay-opacity":"","overlay-gradient":""},"mobile":{"background-color":"","background-image":"","background-repeat":"repeat","background-position":"center center","background-size":"auto","background-attachment":"scroll","background-type":"","background-media":"","overlay-type":"","overlay-color":"","overlay-opacity":"","overlay-gradient":""}},"ast-content-background-meta":{"desktop":{"background-color":"var(--ast-global-color-5)","background-image":"","background-repeat":"repeat","background-position":"center center","background-size":"auto","background-attachment":"scroll","background-type":"","background-media":"","overlay-type":"","overlay-color":"","overlay-opacity":"","overlay-gradient":""},"tablet":{"background-color":"var(--ast-global-color-5)","background-image":"","background-repeat":"repeat","background-position":"center center","background-size":"auto","background-attachment":"scroll","background-type":"","background-media":"","overlay-type":"","overlay-color":"","overlay-opacity":"","overlay-gradient":""},"mobile":{"background-color":"var(--ast-global-color-5)","background-image":"","background-repeat":"repeat","background-position":"center center","background-size":"auto","background-attachment":"scroll","background-type":"","background-media":"","overlay-type":"","overlay-color":"","overlay-opacity":"","overlay-gradient":""}},"jetpack_post_was_ever_published":false,"footnotes":""},"class_list":["post-3176","page","type-page","status-publish","hentry"],"yoast_head":"<!-- This site is optimized with the Yoast SEO plugin v27.4 - https:\/\/yoast.com\/product\/yoast-seo-wordpress\/ -->\n<title>Om Hank&#039;s - Hank&#039;s True BBQ\u2122<\/title>\n<meta name=\"description\" content=\"Hej, mitt namn \u00e4r Henrik. Mitt smeknamn var Hank n\u00e4r jag gick p\u00e5 High School i Iola, Kansas. D\u00e4rav namnet p\u00e5 sajten. Hank&#039;s True BBQ. F\u00f6r mig betyder det att g\u00f6ra p\u00e5 r\u00e4tt s\u00e4tt, och l\u00e5ta processen ha sin g\u00e5ng. Bra barbecue brukar ta l\u00e5ng tid, men det \u00e4r v\u00e4l v\u00e4rt v\u00e4ntan enligt mig.\" \/>\n<meta name=\"robots\" content=\"index, follow, max-snippet:-1, max-image-preview:large, max-video-preview:-1\" \/>\n<link rel=\"canonical\" href=\"https:\/\/hankstruebbq.com\/se\/om-sajten\/\" \/>\n<meta property=\"og:locale\" content=\"sv_SE\" \/>\n<meta property=\"og:type\" content=\"article\" \/>\n<meta property=\"og:title\" content=\"Om Hank&#039;s - Hank&#039;s True BBQ\u2122\" \/>\n<meta property=\"og:description\" content=\"Hej, mitt namn \u00e4r Henrik. Mitt smeknamn var Hank n\u00e4r jag gick p\u00e5 High School i Iola, Kansas. D\u00e4rav namnet p\u00e5 sajten. Hank&#039;s True BBQ. F\u00f6r mig betyder det att g\u00f6ra p\u00e5 r\u00e4tt s\u00e4tt, och l\u00e5ta processen ha sin g\u00e5ng. Bra barbecue brukar ta l\u00e5ng tid, men det \u00e4r v\u00e4l v\u00e4rt v\u00e4ntan enligt mig.\" \/>\n<meta property=\"og:url\" content=\"https:\/\/hankstruebbq.com\/se\/om-sajten\/\" \/>\n<meta property=\"og:site_name\" content=\"Hank&#039;s True BBQ\u2122\" \/>\n<meta property=\"article:modified_time\" content=\"2026-03-02T06:13:01+00:00\" \/>\n<meta property=\"og:image\" content=\"https:\/\/hankstruebbq.com\/se\/wp-content\/uploads\/2021\/03\/Profilbild5_sv_small.jpg\" \/>\n\t<meta property=\"og:image:width\" content=\"300\" \/>\n\t<meta property=\"og:image:height\" content=\"345\" \/>\n\t<meta property=\"og:image:type\" content=\"image\/jpeg\" \/>\n<meta name=\"twitter:card\" content=\"summary_large_image\" \/>\n<meta name=\"twitter:site\" content=\"@hankstruebbq\" \/>\n<meta name=\"twitter:label1\" content=\"Ber\u00e4knad l\u00e4stid\" \/>\n\t<meta name=\"twitter:data1\" content=\"2 minuter\" \/>\n<script type=\"application\/ld+json\" class=\"yoast-schema-graph\">{\"@context\":\"https:\\\/\\\/schema.org\",\"@graph\":[{\"@type\":\"WebPage\",\"@id\":\"https:\\\/\\\/hankstruebbq.com\\\/se\\\/om-sajten\\\/\",\"url\":\"https:\\\/\\\/hankstruebbq.com\\\/se\\\/om-sajten\\\/\",\"name\":\"Om Hank's - Hank&#039;s True BBQ\u2122\",\"isPartOf\":{\"@id\":\"https:\\\/\\\/hankstruebbq.com\\\/se\\\/#website\"},\"primaryImageOfPage\":{\"@id\":\"https:\\\/\\\/hankstruebbq.com\\\/se\\\/om-sajten\\\/#primaryimage\"},\"image\":{\"@id\":\"https:\\\/\\\/hankstruebbq.com\\\/se\\\/om-sajten\\\/#primaryimage\"},\"thumbnailUrl\":\"https:\\\/\\\/hankstruebbq.com\\\/se\\\/wp-content\\\/uploads\\\/2021\\\/03\\\/Profilbild5_sv_small.jpg\",\"datePublished\":\"2016-05-03T13:13:41+00:00\",\"dateModified\":\"2026-03-02T06:13:01+00:00\",\"description\":\"Hej, mitt namn \u00e4r Henrik. Mitt smeknamn var Hank n\u00e4r jag gick p\u00e5 High School i Iola, Kansas. D\u00e4rav namnet p\u00e5 sajten. Hank's True BBQ. F\u00f6r mig betyder det att g\u00f6ra p\u00e5 r\u00e4tt s\u00e4tt, och l\u00e5ta processen ha sin g\u00e5ng. Bra barbecue brukar ta l\u00e5ng tid, men det \u00e4r v\u00e4l v\u00e4rt v\u00e4ntan enligt mig.\",\"breadcrumb\":{\"@id\":\"https:\\\/\\\/hankstruebbq.com\\\/se\\\/om-sajten\\\/#breadcrumb\"},\"inLanguage\":\"sv-SE\",\"potentialAction\":[{\"@type\":\"ReadAction\",\"target\":[\"https:\\\/\\\/hankstruebbq.com\\\/se\\\/om-sajten\\\/\"]}]},{\"@type\":\"ImageObject\",\"inLanguage\":\"sv-SE\",\"@id\":\"https:\\\/\\\/hankstruebbq.com\\\/se\\\/om-sajten\\\/#primaryimage\",\"url\":\"https:\\\/\\\/hankstruebbq.com\\\/se\\\/wp-content\\\/uploads\\\/2021\\\/03\\\/Profilbild5_sv_small.jpg\",\"contentUrl\":\"https:\\\/\\\/hankstruebbq.com\\\/se\\\/wp-content\\\/uploads\\\/2021\\\/03\\\/Profilbild5_sv_small.jpg\",\"width\":300,\"height\":345,\"caption\":\"Henrik \\\"Hank\\\" Oscarsson\"},{\"@type\":\"BreadcrumbList\",\"@id\":\"https:\\\/\\\/hankstruebbq.com\\\/se\\\/om-sajten\\\/#breadcrumb\",\"itemListElement\":[{\"@type\":\"ListItem\",\"position\":1,\"name\":\"Home\",\"item\":\"https:\\\/\\\/hankstruebbq.com\\\/se\\\/\"},{\"@type\":\"ListItem\",\"position\":2,\"name\":\"Om Hank&#8217;s\"}]},{\"@type\":\"WebSite\",\"@id\":\"https:\\\/\\\/hankstruebbq.com\\\/se\\\/#website\",\"url\":\"https:\\\/\\\/hankstruebbq.com\\\/se\\\/\",\"name\":\"Hank&#039;s True BBQ\u2122\",\"description\":\"Barbecue p\u00e5 svenska\",\"publisher\":{\"@id\":\"https:\\\/\\\/hankstruebbq.com\\\/se\\\/#organization\"},\"potentialAction\":[{\"@type\":\"SearchAction\",\"target\":{\"@type\":\"EntryPoint\",\"urlTemplate\":\"https:\\\/\\\/hankstruebbq.com\\\/se\\\/?s={search_term_string}\"},\"query-input\":{\"@type\":\"PropertyValueSpecification\",\"valueRequired\":true,\"valueName\":\"search_term_string\"}}],\"inLanguage\":\"sv-SE\"},{\"@type\":\"Organization\",\"@id\":\"https:\\\/\\\/hankstruebbq.com\\\/se\\\/#organization\",\"name\":\"Hank's True BBQ\",\"url\":\"https:\\\/\\\/hankstruebbq.com\\\/se\\\/\",\"logo\":{\"@type\":\"ImageObject\",\"inLanguage\":\"sv-SE\",\"@id\":\"https:\\\/\\\/hankstruebbq.com\\\/se\\\/#\\\/schema\\\/logo\\\/image\\\/\",\"url\":\"https:\\\/\\\/hankstruebbq.com\\\/se\\\/wp-content\\\/uploads\\\/2016\\\/05\\\/HanksTrueBBQLogo.png\",\"contentUrl\":\"https:\\\/\\\/hankstruebbq.com\\\/se\\\/wp-content\\\/uploads\\\/2016\\\/05\\\/HanksTrueBBQLogo.png\",\"width\":350,\"height\":350,\"caption\":\"Hank's True BBQ\"},\"image\":{\"@id\":\"https:\\\/\\\/hankstruebbq.com\\\/se\\\/#\\\/schema\\\/logo\\\/image\\\/\"},\"sameAs\":[\"https:\\\/\\\/x.com\\\/hankstruebbq\",\"https:\\\/\\\/www.instagram.com\\\/hankstruebbq\\\/\",\"https:\\\/\\\/www.youtube.com\\\/c\\\/Hankstruebbq\"]}]}<\/script>\n<!-- \/ Yoast SEO plugin. -->","yoast_head_json":{"title":"Om Hank's - Hank&#039;s True BBQ\u2122","description":"Hej, mitt namn \u00e4r Henrik. Mitt smeknamn var Hank n\u00e4r jag gick p\u00e5 High School i Iola, Kansas. D\u00e4rav namnet p\u00e5 sajten. Hank's True BBQ. F\u00f6r mig betyder det att g\u00f6ra p\u00e5 r\u00e4tt s\u00e4tt, och l\u00e5ta processen ha sin g\u00e5ng. Bra barbecue brukar ta l\u00e5ng tid, men det \u00e4r v\u00e4l v\u00e4rt v\u00e4ntan enligt mig.","robots":{"index":"index","follow":"follow","max-snippet":"max-snippet:-1","max-image-preview":"max-image-preview:large","max-video-preview":"max-video-preview:-1"},"canonical":"https:\/\/hankstruebbq.com\/se\/om-sajten\/","og_locale":"sv_SE","og_type":"article","og_title":"Om Hank's - Hank&#039;s True BBQ\u2122","og_description":"Hej, mitt namn \u00e4r Henrik. Mitt smeknamn var Hank n\u00e4r jag gick p\u00e5 High School i Iola, Kansas. D\u00e4rav namnet p\u00e5 sajten. Hank's True BBQ. F\u00f6r mig betyder det att g\u00f6ra p\u00e5 r\u00e4tt s\u00e4tt, och l\u00e5ta processen ha sin g\u00e5ng. Bra barbecue brukar ta l\u00e5ng tid, men det \u00e4r v\u00e4l v\u00e4rt v\u00e4ntan enligt mig.","og_url":"https:\/\/hankstruebbq.com\/se\/om-sajten\/","og_site_name":"Hank&#039;s True BBQ\u2122","article_modified_time":"2026-03-02T06:13:01+00:00","og_image":[{"width":300,"height":345,"url":"https:\/\/hankstruebbq.com\/se\/wp-content\/uploads\/2021\/03\/Profilbild5_sv_small.jpg","type":"image\/jpeg"}],"twitter_card":"summary_large_image","twitter_site":"@hankstruebbq","twitter_misc":{"Ber\u00e4knad l\u00e4stid":"2 minuter"},"schema":{"@context":"https:\/\/schema.org","@graph":[{"@type":"WebPage","@id":"https:\/\/hankstruebbq.com\/se\/om-sajten\/","url":"https:\/\/hankstruebbq.com\/se\/om-sajten\/","name":"Om Hank's - Hank&#039;s True BBQ\u2122","isPartOf":{"@id":"https:\/\/hankstruebbq.com\/se\/#website"},"primaryImageOfPage":{"@id":"https:\/\/hankstruebbq.com\/se\/om-sajten\/#primaryimage"},"image":{"@id":"https:\/\/hankstruebbq.com\/se\/om-sajten\/#primaryimage"},"thumbnailUrl":"https:\/\/hankstruebbq.com\/se\/wp-content\/uploads\/2021\/03\/Profilbild5_sv_small.jpg","datePublished":"2016-05-03T13:13:41+00:00","dateModified":"2026-03-02T06:13:01+00:00","description":"Hej, mitt namn \u00e4r Henrik. Mitt smeknamn var Hank n\u00e4r jag gick p\u00e5 High School i Iola, Kansas. D\u00e4rav namnet p\u00e5 sajten. Hank's True BBQ. F\u00f6r mig betyder det att g\u00f6ra p\u00e5 r\u00e4tt s\u00e4tt, och l\u00e5ta processen ha sin g\u00e5ng. Bra barbecue brukar ta l\u00e5ng tid, men det \u00e4r v\u00e4l v\u00e4rt v\u00e4ntan enligt mig.","breadcrumb":{"@id":"https:\/\/hankstruebbq.com\/se\/om-sajten\/#breadcrumb"},"inLanguage":"sv-SE","potentialAction":[{"@type":"ReadAction","target":["https:\/\/hankstruebbq.com\/se\/om-sajten\/"]}]},{"@type":"ImageObject","inLanguage":"sv-SE","@id":"https:\/\/hankstruebbq.com\/se\/om-sajten\/#primaryimage","url":"https:\/\/hankstruebbq.com\/se\/wp-content\/uploads\/2021\/03\/Profilbild5_sv_small.jpg","contentUrl":"https:\/\/hankstruebbq.com\/se\/wp-content\/uploads\/2021\/03\/Profilbild5_sv_small.jpg","width":300,"height":345,"caption":"Henrik \"Hank\" Oscarsson"},{"@type":"BreadcrumbList","@id":"https:\/\/hankstruebbq.com\/se\/om-sajten\/#breadcrumb","itemListElement":[{"@type":"ListItem","position":1,"name":"Home","item":"https:\/\/hankstruebbq.com\/se\/"},{"@type":"ListItem","position":2,"name":"Om Hank&#8217;s"}]},{"@type":"WebSite","@id":"https:\/\/hankstruebbq.com\/se\/#website","url":"https:\/\/hankstruebbq.com\/se\/","name":"Hank&#039;s True BBQ\u2122","description":"Barbecue p\u00e5 svenska","publisher":{"@id":"https:\/\/hankstruebbq.com\/se\/#organization"},"potentialAction":[{"@type":"SearchAction","target":{"@type":"EntryPoint","urlTemplate":"https:\/\/hankstruebbq.com\/se\/?s={search_term_string}"},"query-input":{"@type":"PropertyValueSpecification","valueRequired":true,"valueName":"search_term_string"}}],"inLanguage":"sv-SE"},{"@type":"Organization","@id":"https:\/\/hankstruebbq.com\/se\/#organization","name":"Hank's True BBQ","url":"https:\/\/hankstruebbq.com\/se\/","logo":{"@type":"ImageObject","inLanguage":"sv-SE","@id":"https:\/\/hankstruebbq.com\/se\/#\/schema\/logo\/image\/","url":"https:\/\/hankstruebbq.com\/se\/wp-content\/uploads\/2016\/05\/HanksTrueBBQLogo.png","contentUrl":"https:\/\/hankstruebbq.com\/se\/wp-content\/uploads\/2016\/05\/HanksTrueBBQLogo.png","width":350,"height":350,"caption":"Hank's True BBQ"},"image":{"@id":"https:\/\/hankstruebbq.com\/se\/#\/schema\/logo\/image\/"},"sameAs":["https:\/\/x.com\/hankstruebbq","https:\/\/www.instagram.com\/hankstruebbq\/","https:\/\/www.youtube.com\/c\/Hankstruebbq"]}]}},"jetpack_sharing_enabled":true,"jetpack-related-posts":[{"id":15397,"url":"https:\/\/hankstruebbq.com\/se\/hanks-rubs\/","url_meta":{"origin":3176,"position":0},"title":"Hank&#8217;s Rubs","author":"Henrik Oscarsson","date":"21 juni 2023","format":false,"excerpt":"Handgjorda blandningar som tar smakerna till n\u00e4sta niv\u00e5. Bl\u00e4ddra ner f\u00f6r att l\u00e4sa mer om v\u00e5ra produkter och hur du blandar dem. Oavsett om du grillar eller varmr\u00f6ker har vi vad du beh\u00f6ver.","rel":"","context":"Liknande inl\u00e4gg","block_context":{"text":"Liknande inl\u00e4gg","link":""},"img":{"alt_text":"Hank's Rubs","src":"https:\/\/i0.wp.com\/hankstruebbq.com\/se\/wp-content\/uploads\/2021\/03\/BeefRubBg.jpg?resize=350%2C200&ssl=1","width":350,"height":200,"srcset":"https:\/\/i0.wp.com\/hankstruebbq.com\/se\/wp-content\/uploads\/2021\/03\/BeefRubBg.jpg?resize=350%2C200&ssl=1 1x, https:\/\/i0.wp.com\/hankstruebbq.com\/se\/wp-content\/uploads\/2021\/03\/BeefRubBg.jpg?resize=525%2C300&ssl=1 1.5x, https:\/\/i0.wp.com\/hankstruebbq.com\/se\/wp-content\/uploads\/2021\/03\/BeefRubBg.jpg?resize=700%2C400&ssl=1 2x, https:\/\/i0.wp.com\/hankstruebbq.com\/se\/wp-content\/uploads\/2021\/03\/BeefRubBg.jpg?resize=1050%2C600&ssl=1 3x"},"classes":[]},{"id":15499,"url":"https:\/\/hankstruebbq.com\/se\/offsetsmokers\/","url_meta":{"origin":3176,"position":1},"title":"Offset Smokers","author":"Henrik Oscarsson","date":"3 juli 2023","format":false,"excerpt":"Min passion f\u00f6r barbecue har gjort att jag b\u00f6rjat tillverka offset smokers. Jag har lagt ner all min erfarenhet som pit master, och all min ingenj\u00f6rskunskap f\u00f6r att kunna erbjuda en \u00e4kta offset smoker som kommer vara din kompanjon f\u00f6r resten av livet.","rel":"","context":"Liknande inl\u00e4gg","block_context":{"text":"Liknande inl\u00e4gg","link":""},"img":{"alt_text":"Hank's True Smokers\u2122","src":"https:\/\/i0.wp.com\/hankstruebbq.com\/se\/wp-content\/uploads\/2020\/08\/HanksTrueSmokers.jpg?resize=350%2C200&ssl=1","width":350,"height":200,"srcset":"https:\/\/i0.wp.com\/hankstruebbq.com\/se\/wp-content\/uploads\/2020\/08\/HanksTrueSmokers.jpg?resize=350%2C200&ssl=1 1x, https:\/\/i0.wp.com\/hankstruebbq.com\/se\/wp-content\/uploads\/2020\/08\/HanksTrueSmokers.jpg?resize=525%2C300&ssl=1 1.5x, https:\/\/i0.wp.com\/hankstruebbq.com\/se\/wp-content\/uploads\/2020\/08\/HanksTrueSmokers.jpg?resize=700%2C400&ssl=1 2x, https:\/\/i0.wp.com\/hankstruebbq.com\/se\/wp-content\/uploads\/2020\/08\/HanksTrueSmokers.jpg?resize=1050%2C600&ssl=1 3x"},"classes":[]},{"id":12614,"url":"https:\/\/hankstruebbq.com\/se\/hanks-hot-box\/","url_meta":{"origin":3176,"position":2},"title":"Hank&#8217;s Hot Box","author":"Henrik Oscarsson","date":"15 juli 2022","format":false,"excerpt":"Ja, vad kallar man en multi-funktionell grill, byggd som en Hill Country smoker? Hank's Hot Box blev det, och den \u00e4r b\u00e5de smidig och m\u00e5ngsidig. S\u00e5 h\u00e4r bygger du en egen.","rel":"","context":"I \u201dDIY\u201d","block_context":{"text":"DIY","link":"https:\/\/hankstruebbq.com\/se\/category\/diy\/"},"img":{"alt_text":"Hank's Hot Box","src":"https:\/\/i0.wp.com\/hankstruebbq.com\/se\/wp-content\/uploads\/2024\/09\/hanks-hot-box.jpg?resize=350%2C200&ssl=1","width":350,"height":200,"srcset":"https:\/\/i0.wp.com\/hankstruebbq.com\/se\/wp-content\/uploads\/2024\/09\/hanks-hot-box.jpg?resize=350%2C200&ssl=1 1x, https:\/\/i0.wp.com\/hankstruebbq.com\/se\/wp-content\/uploads\/2024\/09\/hanks-hot-box.jpg?resize=525%2C300&ssl=1 1.5x, https:\/\/i0.wp.com\/hankstruebbq.com\/se\/wp-content\/uploads\/2024\/09\/hanks-hot-box.jpg?resize=700%2C400&ssl=1 2x, https:\/\/i0.wp.com\/hankstruebbq.com\/se\/wp-content\/uploads\/2024\/09\/hanks-hot-box.jpg?resize=1050%2C600&ssl=1 3x"},"classes":[]},{"id":4301,"url":"https:\/\/hankstruebbq.com\/se\/hanks-offset-smoker-manifest\/","url_meta":{"origin":3176,"position":3},"title":"Hank&#8217;s Offset Smoker Manifest","author":"Henrik Oscarsson","date":"26 april 2017","format":false,"excerpt":"Tankar och id\u00e9er om hur man bygger en egen Offset Smoker, och vad som \u00e4r viktigt att t\u00e4nka p\u00e5.","rel":"","context":"I \u201dRecept\u201d","block_context":{"text":"Recept","link":"https:\/\/hankstruebbq.com\/se\/category\/recept\/"},"img":{"alt_text":"Smoker blueprint","src":"https:\/\/i0.wp.com\/hankstruebbq.com\/se\/wp-content\/uploads\/2017\/03\/smoker_blueprint_1.jpg?resize=350%2C200&ssl=1","width":350,"height":200,"srcset":"https:\/\/i0.wp.com\/hankstruebbq.com\/se\/wp-content\/uploads\/2017\/03\/smoker_blueprint_1.jpg?resize=350%2C200&ssl=1 1x, https:\/\/i0.wp.com\/hankstruebbq.com\/se\/wp-content\/uploads\/2017\/03\/smoker_blueprint_1.jpg?resize=525%2C300&ssl=1 1.5x, https:\/\/i0.wp.com\/hankstruebbq.com\/se\/wp-content\/uploads\/2017\/03\/smoker_blueprint_1.jpg?resize=700%2C400&ssl=1 2x"},"classes":[]},{"id":7551,"url":"https:\/\/hankstruebbq.com\/se\/lar-dig-barbecue\/","url_meta":{"origin":3176,"position":4},"title":"L\u00e4r dig Barbecue","author":"Henrik Oscarsson","date":"3 maj 2020","format":false,"excerpt":"Barbecue - det kan vara b\u00e5de enkelt och komplicerat p\u00e5 samma g\u00e5ng. Vad skiljer grillning fr\u00e5n barbecue? Vilka tekniker och tillagningsknep beh\u00f6ver man beh\u00e4rska? H\u00e4r hittar du en gedigen genomg\u00e5ng som kommer att g\u00f6ra dig till en b\u00e4ttre utomhus-kock.","rel":"","context":"Liknande inl\u00e4gg","block_context":{"text":"Liknande inl\u00e4gg","link":""},"img":{"alt_text":"BBQ 101","src":"https:\/\/i0.wp.com\/hankstruebbq.com\/se\/wp-content\/uploads\/2020\/02\/bbq101.jpg?resize=350%2C200&ssl=1","width":350,"height":200,"srcset":"https:\/\/i0.wp.com\/hankstruebbq.com\/se\/wp-content\/uploads\/2020\/02\/bbq101.jpg?resize=350%2C200&ssl=1 1x, https:\/\/i0.wp.com\/hankstruebbq.com\/se\/wp-content\/uploads\/2020\/02\/bbq101.jpg?resize=525%2C300&ssl=1 1.5x, https:\/\/i0.wp.com\/hankstruebbq.com\/se\/wp-content\/uploads\/2020\/02\/bbq101.jpg?resize=700%2C400&ssl=1 2x, https:\/\/i0.wp.com\/hankstruebbq.com\/se\/wp-content\/uploads\/2020\/02\/bbq101.jpg?resize=1050%2C600&ssl=1 3x"},"classes":[]},{"id":5900,"url":"https:\/\/hankstruebbq.com\/se\/parrilla\/","url_meta":{"origin":3176,"position":5},"title":"Parrilla","author":"Henrik Oscarsson","date":"2 augusti 2019","format":false,"excerpt":"\u00c4r du nyfiken p\u00e5 de olika s\u00e4tten att grilla i fr\u00e4mst Sydamerika? H\u00e4r kommer en genomg\u00e5ng av vad en Parrilla \u00e4r och hur man anv\u00e4nder den.","rel":"","context":"I \u201dBBQ-tekniker\u201d","block_context":{"text":"BBQ-tekniker","link":"https:\/\/hankstruebbq.com\/se\/category\/bbq-tekniker\/"},"img":{"alt_text":"Parrilla","src":"https:\/\/i0.wp.com\/hankstruebbq.com\/se\/wp-content\/uploads\/2019\/07\/parrilla-e1688459492176.jpg?resize=350%2C200&ssl=1","width":350,"height":200,"srcset":"https:\/\/i0.wp.com\/hankstruebbq.com\/se\/wp-content\/uploads\/2019\/07\/parrilla-e1688459492176.jpg?resize=350%2C200&ssl=1 1x, https:\/\/i0.wp.com\/hankstruebbq.com\/se\/wp-content\/uploads\/2019\/07\/parrilla-e1688459492176.jpg?resize=525%2C300&ssl=1 1.5x, https:\/\/i0.wp.com\/hankstruebbq.com\/se\/wp-content\/uploads\/2019\/07\/parrilla-e1688459492176.jpg?resize=700%2C400&ssl=1 2x"},"classes":[]}],"_links":{"self":[{"href":"https:\/\/hankstruebbq.com\/se\/wp-json\/wp\/v2\/pages\/3176","targetHints":{"allow":["GET"]}}],"collection":[{"href":"https:\/\/hankstruebbq.com\/se\/wp-json\/wp\/v2\/pages"}],"about":[{"href":"https:\/\/hankstruebbq.com\/se\/wp-json\/wp\/v2\/types\/page"}],"author":[{"embeddable":true,"href":"https:\/\/hankstruebbq.com\/se\/wp-json\/wp\/v2\/users\/1"}],"replies":[{"embeddable":true,"href":"https:\/\/hankstruebbq.com\/se\/wp-json\/wp\/v2\/comments?post=3176"}],"version-history":[{"count":19,"href":"https:\/\/hankstruebbq.com\/se\/wp-json\/wp\/v2\/pages\/3176\/revisions"}],"predecessor-version":[{"id":19093,"href":"https:\/\/hankstruebbq.com\/se\/wp-json\/wp\/v2\/pages\/3176\/revisions\/19093"}],"wp:attachment":[{"href":"https:\/\/hankstruebbq.com\/se\/wp-json\/wp\/v2\/media?parent=3176"}],"curies":[{"name":"wp","href":"https:\/\/api.w.org\/{rel}","templated":true}]}}