{"id":4648,"date":"2017-08-30T18:53:21","date_gmt":"2017-08-30T17:53:21","guid":{"rendered":"https:\/\/hankstruebbq.com\/se\/?p=4648"},"modified":"2021-06-20T13:18:11","modified_gmt":"2021-06-20T12:18:11","slug":"bark","status":"publish","type":"page","link":"https:\/\/hankstruebbq.com\/se\/bark\/","title":{"rendered":"Bark"},"content":{"rendered":"<p>Bark \u00e4r ett r\u00e4tt beskrivande ord. Titta p\u00e5 bilden ovan, den brunsvarta ytan p\u00e5 k\u00f6ttet kallas &#8217;bark&#8217;. Bark bildas bland annat p\u00e5 grund av Maillard-effekten. Man ska dock vara noga med att inte f\u00f6rv\u00e4xla den med den br\u00e4nda kolsvarta yta man f\u00e5r d\u00e5 man gl\u00f6mmer en k\u00f6ttbit p\u00e5 grillen f\u00f6r l\u00e4nge. De tv\u00e5 har ingenting gemensamt.<\/p>\n<h2>S\u00e5 formas den<\/h2>\n<p class=\"p1\">Bark formas under l\u00e5ng tid p\u00e5 grillen d\u00e5 kryddorna blandas med k\u00f6ttsaft och karamelliseras p\u00e5 k\u00f6ttytan. Det b\u00f6r n\u00e4mnas att karamellisering endast sker om socker \u00e4r n\u00e4rvarande.<\/p>\n<p class=\"p1\">N\u00e4r k\u00f6ttets temperatur stiger kommer v\u00e4tska att tr\u00e4nga upp till ytan och avdunsta. Allt eftersom avdunstning sker blandas k\u00f6ttsaft, kryddor och r\u00f6k till en \u2019gegga\u2019 som f\u00e4ster p\u00e5 k\u00f6ttets yta. Barken \u00e4r allts\u00e5 relativt mjuk, inte som den h\u00e5rda br\u00e4nda skorpa man f\u00e5r d\u00e5 man gl\u00f6mmer n\u00e5got p\u00e5 grillen f\u00f6r l\u00e4nge.<\/p>\n<p>Barken g\u00f6r att k\u00f6ttet smakar mer k\u00f6tt helt enkelt. F\u00f6r att f\u00e5 optimal bark beh\u00f6ver man tillaga k\u00f6tt under l\u00e5ng tid p\u00e5 l\u00e5g v\u00e4rme. Man ser ofta att en bit fl\u00e4skkarr\u00e9, som anv\u00e4nds till pulled pork, ser ut som en meteorit, dvs en svart sten.<\/p>\n<h2>Smak<\/h2>\n<p class=\"p1\">Smaken p\u00e5 barken beror v\u00e4ldigt mycket p\u00e5 vilken typ av k\u00f6tt det \u00e4r. Tillagningstemperatur \u00e4r viktig, \u00e4ven barken beh\u00f6ver l\u00e5g temperatur l\u00e4nge f\u00f6r att bli bra.<\/p>\n<p class=\"p1\">Sist men inte minst g\u00f6r kryddorna och r\u00f6ken sitt. Vissa kryddor \u00e4r vattenl\u00f6sliga, andra \u00e4r fettl\u00f6sliga. Detta p\u00e5verkar ocks\u00e5 smaken.<\/p>\n<h2>R\u00f6k<\/h2>\n<p class=\"p1\"><b>H<\/b>ar man mycket och bra r\u00f6k blir barken svart. Saknas r\u00f6k blir barken m\u00f6rkt mahogny-r\u00f6d. Luftfl\u00f6de och d\u00e4rmed borttransporterande av fukt spelar ocks\u00e5 roll. Ju h\u00f6gre luftfuktighet desto s\u00e4mre bark. Det \u00e4r lite motstridigt, d\u00e5 man g\u00e4rna vill ha fuktig luft i en r\u00f6k. Man f\u00e5r kompromissa helt enkelt.<\/p>\n\n\n<h2 class=\"wp-block-heading\">YouTube-video<\/h2>\n\n\n\n<figure class=\"wp-block-embed is-type-video is-provider-youtube wp-block-embed-youtube wp-embed-aspect-16-9 wp-has-aspect-ratio\"><div class=\"wp-block-embed__wrapper\">\n<div class=\"epyt-video-wrapper\"><iframe loading=\"lazy\"  style=\"display: block; margin: 0px auto;\"  id=\"_ytid_74216\"  width=\"480\" height=\"270\"  data-origwidth=\"480\" data-origheight=\"270\" src=\"https:\/\/www.youtube.com\/embed\/fs0qMC9m9Z4?enablejsapi=1&#038;origin=https:\/\/hankstruebbq.com&#038;autoplay=0&#038;cc_load_policy=0&#038;cc_lang_pref=&#038;iv_load_policy=1&#038;loop=0&#038;rel=0&#038;fs=1&#038;playsinline=0&#038;autohide=2&#038;hl=sv_SE&#038;theme=dark&#038;color=red&#038;controls=1&#038;disablekb=0&#038;\" class=\"__youtube_prefs__  epyt-is-override  no-lazyload\" title=\"YouTube player\"  allow=\"fullscreen; accelerometer; autoplay; clipboard-write; encrypted-media; gyroscope; picture-in-picture; web-share\" referrerpolicy=\"strict-origin-when-cross-origin\" allowfullscreen data-no-lazy=\"1\" data-skipgform_ajax_framebjll=\"\"><\/iframe><\/div>\n<\/div><\/figure>\n","protected":false},"excerpt":{"rendered":"<p>Bark kallas den brunsvarta l\u00e4tt krispiga goda yta man f\u00e5r p\u00e5 k\u00f6tt tack vare bland annat Maillard-effekten. Man ska inte blanda ihop bark med den f\u00f6rkolnade yta man f\u00e5r p\u00e5 br\u00e4nt k\u00f6tt, det \u00e4r milsvid skillnad p\u00e5 b\u00e5de utseende och smak. Barken ser aptitlig ut och smakar gott.<\/p>\n","protected":false},"author":1,"featured_media":6033,"parent":0,"menu_order":0,"comment_status":"open","ping_status":"open","template":"","meta":{"wprm-recipe-roundup-name":"","wprm-recipe-roundup-description":"","site-sidebar-layout":"default","site-content-layout":"default","ast-site-content-layout":"default","site-content-style":"default","site-sidebar-style":"default","ast-global-header-display":"","ast-banner-title-visibility":"","ast-main-header-display":"","ast-hfb-above-header-display":"","ast-hfb-below-header-display":"","ast-hfb-mobile-header-display":"","site-post-title":"","ast-breadcrumbs-content":"","ast-featured-img":"","footer-sml-layout":"","ast-disable-related-posts":"","theme-transparent-header-meta":"default","adv-header-id-meta":"","stick-header-meta":"","header-above-stick-meta":"","header-main-stick-meta":"","header-below-stick-meta":"","astra-migrate-meta-layouts":"default","ast-page-background-enabled":"default","ast-page-background-meta":{"desktop":{"background-color":"","background-image":"","background-repeat":"repeat","background-position":"center center","background-size":"auto","background-attachment":"scroll","background-type":"","background-media":"","overlay-type":"","overlay-color":"","overlay-opacity":"","overlay-gradient":""},"tablet":{"background-color":"","background-image":"","background-repeat":"repeat","background-position":"center center","background-size":"auto","background-attachment":"scroll","background-type":"","background-media":"","overlay-type":"","overlay-color":"","overlay-opacity":"","overlay-gradient":""},"mobile":{"background-color":"","background-image":"","background-repeat":"repeat","background-position":"center center","background-size":"auto","background-attachment":"scroll","background-type":"","background-media":"","overlay-type":"","overlay-color":"","overlay-opacity":"","overlay-gradient":""}},"ast-content-background-meta":{"desktop":{"background-color":"var(--ast-global-color-5)","background-image":"","background-repeat":"repeat","background-position":"center center","background-size":"auto","background-attachment":"scroll","background-type":"","background-media":"","overlay-type":"","overlay-color":"","overlay-opacity":"","overlay-gradient":""},"tablet":{"background-color":"var(--ast-global-color-5)","background-image":"","background-repeat":"repeat","background-position":"center center","background-size":"auto","background-attachment":"scroll","background-type":"","background-media":"","overlay-type":"","overlay-color":"","overlay-opacity":"","overlay-gradient":""},"mobile":{"background-color":"var(--ast-global-color-5)","background-image":"","background-repeat":"repeat","background-position":"center center","background-size":"auto","background-attachment":"scroll","background-type":"","background-media":"","overlay-type":"","overlay-color":"","overlay-opacity":"","overlay-gradient":""}},"jetpack_post_was_ever_published":false,"footnotes":""},"class_list":["post-4648","page","type-page","status-publish","has-post-thumbnail","hentry"],"yoast_head":"<!-- This site is optimized with the Yoast SEO plugin v27.4 - https:\/\/yoast.com\/product\/yoast-seo-wordpress\/ -->\n<title>Bark - Hank&#039;s True BBQ\u2122<\/title>\n<meta name=\"robots\" content=\"index, follow, max-snippet:-1, max-image-preview:large, max-video-preview:-1\" \/>\n<link rel=\"canonical\" href=\"https:\/\/hankstruebbq.com\/se\/bark\/\" \/>\n<meta property=\"og:locale\" content=\"sv_SE\" \/>\n<meta property=\"og:type\" content=\"article\" \/>\n<meta property=\"og:title\" content=\"Bark - Hank&#039;s True BBQ\u2122\" \/>\n<meta property=\"og:description\" content=\"Bark kallas den brunsvarta l\u00e4tt krispiga goda yta man f\u00e5r p\u00e5 k\u00f6tt tack vare bland annat Maillard-effekten. Man ska inte blanda ihop bark med den f\u00f6rkolnade yta man f\u00e5r p\u00e5 br\u00e4nt k\u00f6tt, det \u00e4r milsvid skillnad p\u00e5 b\u00e5de utseende och smak. Barken ser aptitlig ut och smakar gott.\" \/>\n<meta property=\"og:url\" content=\"https:\/\/hankstruebbq.com\/se\/bark\/\" \/>\n<meta property=\"og:site_name\" content=\"Hank&#039;s True BBQ\u2122\" \/>\n<meta property=\"article:modified_time\" content=\"2021-06-20T12:18:11+00:00\" \/>\n<meta property=\"og:image\" content=\"https:\/\/hankstruebbq.com\/se\/wp-content\/uploads\/2019\/08\/bark.jpg\" \/>\n\t<meta property=\"og:image:width\" content=\"968\" \/>\n\t<meta property=\"og:image:height\" content=\"645\" \/>\n\t<meta property=\"og:image:type\" content=\"image\/jpeg\" \/>\n<meta name=\"twitter:card\" content=\"summary_large_image\" \/>\n<meta name=\"twitter:site\" content=\"@hankstruebbq\" \/>\n<meta name=\"twitter:label1\" content=\"Ber\u00e4knad l\u00e4stid\" \/>\n\t<meta name=\"twitter:data1\" content=\"2 minuter\" \/>\n<script type=\"application\/ld+json\" class=\"yoast-schema-graph\">{\"@context\":\"https:\\\/\\\/schema.org\",\"@graph\":[{\"@type\":\"WebPage\",\"@id\":\"https:\\\/\\\/hankstruebbq.com\\\/se\\\/bark\\\/\",\"url\":\"https:\\\/\\\/hankstruebbq.com\\\/se\\\/bark\\\/\",\"name\":\"Bark - Hank&#039;s True BBQ\u2122\",\"isPartOf\":{\"@id\":\"https:\\\/\\\/hankstruebbq.com\\\/se\\\/#website\"},\"primaryImageOfPage\":{\"@id\":\"https:\\\/\\\/hankstruebbq.com\\\/se\\\/bark\\\/#primaryimage\"},\"image\":{\"@id\":\"https:\\\/\\\/hankstruebbq.com\\\/se\\\/bark\\\/#primaryimage\"},\"thumbnailUrl\":\"https:\\\/\\\/hankstruebbq.com\\\/se\\\/wp-content\\\/uploads\\\/2019\\\/08\\\/bark.jpg\",\"datePublished\":\"2017-08-30T17:53:21+00:00\",\"dateModified\":\"2021-06-20T12:18:11+00:00\",\"breadcrumb\":{\"@id\":\"https:\\\/\\\/hankstruebbq.com\\\/se\\\/bark\\\/#breadcrumb\"},\"inLanguage\":\"sv-SE\",\"potentialAction\":[{\"@type\":\"ReadAction\",\"target\":[\"https:\\\/\\\/hankstruebbq.com\\\/se\\\/bark\\\/\"]}]},{\"@type\":\"ImageObject\",\"inLanguage\":\"sv-SE\",\"@id\":\"https:\\\/\\\/hankstruebbq.com\\\/se\\\/bark\\\/#primaryimage\",\"url\":\"https:\\\/\\\/hankstruebbq.com\\\/se\\\/wp-content\\\/uploads\\\/2019\\\/08\\\/bark.jpg\",\"contentUrl\":\"https:\\\/\\\/hankstruebbq.com\\\/se\\\/wp-content\\\/uploads\\\/2019\\\/08\\\/bark.jpg\",\"width\":968,\"height\":645,\"caption\":\"Bark\"},{\"@type\":\"BreadcrumbList\",\"@id\":\"https:\\\/\\\/hankstruebbq.com\\\/se\\\/bark\\\/#breadcrumb\",\"itemListElement\":[{\"@type\":\"ListItem\",\"position\":1,\"name\":\"Home\",\"item\":\"https:\\\/\\\/hankstruebbq.com\\\/se\\\/\"},{\"@type\":\"ListItem\",\"position\":2,\"name\":\"Bark\"}]},{\"@type\":\"WebSite\",\"@id\":\"https:\\\/\\\/hankstruebbq.com\\\/se\\\/#website\",\"url\":\"https:\\\/\\\/hankstruebbq.com\\\/se\\\/\",\"name\":\"Hank&#039;s True BBQ\u2122\",\"description\":\"Barbecue p\u00e5 svenska\",\"publisher\":{\"@id\":\"https:\\\/\\\/hankstruebbq.com\\\/se\\\/#organization\"},\"potentialAction\":[{\"@type\":\"SearchAction\",\"target\":{\"@type\":\"EntryPoint\",\"urlTemplate\":\"https:\\\/\\\/hankstruebbq.com\\\/se\\\/?s={search_term_string}\"},\"query-input\":{\"@type\":\"PropertyValueSpecification\",\"valueRequired\":true,\"valueName\":\"search_term_string\"}}],\"inLanguage\":\"sv-SE\"},{\"@type\":\"Organization\",\"@id\":\"https:\\\/\\\/hankstruebbq.com\\\/se\\\/#organization\",\"name\":\"Hank's True BBQ\",\"url\":\"https:\\\/\\\/hankstruebbq.com\\\/se\\\/\",\"logo\":{\"@type\":\"ImageObject\",\"inLanguage\":\"sv-SE\",\"@id\":\"https:\\\/\\\/hankstruebbq.com\\\/se\\\/#\\\/schema\\\/logo\\\/image\\\/\",\"url\":\"https:\\\/\\\/hankstruebbq.com\\\/se\\\/wp-content\\\/uploads\\\/2016\\\/05\\\/HanksTrueBBQLogo.png\",\"contentUrl\":\"https:\\\/\\\/hankstruebbq.com\\\/se\\\/wp-content\\\/uploads\\\/2016\\\/05\\\/HanksTrueBBQLogo.png\",\"width\":350,\"height\":350,\"caption\":\"Hank's True BBQ\"},\"image\":{\"@id\":\"https:\\\/\\\/hankstruebbq.com\\\/se\\\/#\\\/schema\\\/logo\\\/image\\\/\"},\"sameAs\":[\"https:\\\/\\\/x.com\\\/hankstruebbq\",\"https:\\\/\\\/www.instagram.com\\\/hankstruebbq\\\/\",\"https:\\\/\\\/www.youtube.com\\\/c\\\/Hankstruebbq\"]}]}<\/script>\n<!-- \/ Yoast SEO plugin. -->","yoast_head_json":{"title":"Bark - Hank&#039;s True BBQ\u2122","robots":{"index":"index","follow":"follow","max-snippet":"max-snippet:-1","max-image-preview":"max-image-preview:large","max-video-preview":"max-video-preview:-1"},"canonical":"https:\/\/hankstruebbq.com\/se\/bark\/","og_locale":"sv_SE","og_type":"article","og_title":"Bark - Hank&#039;s True BBQ\u2122","og_description":"Bark kallas den brunsvarta l\u00e4tt krispiga goda yta man f\u00e5r p\u00e5 k\u00f6tt tack vare bland annat Maillard-effekten. Man ska inte blanda ihop bark med den f\u00f6rkolnade yta man f\u00e5r p\u00e5 br\u00e4nt k\u00f6tt, det \u00e4r milsvid skillnad p\u00e5 b\u00e5de utseende och smak. Barken ser aptitlig ut och smakar gott.","og_url":"https:\/\/hankstruebbq.com\/se\/bark\/","og_site_name":"Hank&#039;s True BBQ\u2122","article_modified_time":"2021-06-20T12:18:11+00:00","og_image":[{"width":968,"height":645,"url":"https:\/\/hankstruebbq.com\/se\/wp-content\/uploads\/2019\/08\/bark.jpg","type":"image\/jpeg"}],"twitter_card":"summary_large_image","twitter_site":"@hankstruebbq","twitter_misc":{"Ber\u00e4knad l\u00e4stid":"2 minuter"},"schema":{"@context":"https:\/\/schema.org","@graph":[{"@type":"WebPage","@id":"https:\/\/hankstruebbq.com\/se\/bark\/","url":"https:\/\/hankstruebbq.com\/se\/bark\/","name":"Bark - Hank&#039;s True BBQ\u2122","isPartOf":{"@id":"https:\/\/hankstruebbq.com\/se\/#website"},"primaryImageOfPage":{"@id":"https:\/\/hankstruebbq.com\/se\/bark\/#primaryimage"},"image":{"@id":"https:\/\/hankstruebbq.com\/se\/bark\/#primaryimage"},"thumbnailUrl":"https:\/\/hankstruebbq.com\/se\/wp-content\/uploads\/2019\/08\/bark.jpg","datePublished":"2017-08-30T17:53:21+00:00","dateModified":"2021-06-20T12:18:11+00:00","breadcrumb":{"@id":"https:\/\/hankstruebbq.com\/se\/bark\/#breadcrumb"},"inLanguage":"sv-SE","potentialAction":[{"@type":"ReadAction","target":["https:\/\/hankstruebbq.com\/se\/bark\/"]}]},{"@type":"ImageObject","inLanguage":"sv-SE","@id":"https:\/\/hankstruebbq.com\/se\/bark\/#primaryimage","url":"https:\/\/hankstruebbq.com\/se\/wp-content\/uploads\/2019\/08\/bark.jpg","contentUrl":"https:\/\/hankstruebbq.com\/se\/wp-content\/uploads\/2019\/08\/bark.jpg","width":968,"height":645,"caption":"Bark"},{"@type":"BreadcrumbList","@id":"https:\/\/hankstruebbq.com\/se\/bark\/#breadcrumb","itemListElement":[{"@type":"ListItem","position":1,"name":"Home","item":"https:\/\/hankstruebbq.com\/se\/"},{"@type":"ListItem","position":2,"name":"Bark"}]},{"@type":"WebSite","@id":"https:\/\/hankstruebbq.com\/se\/#website","url":"https:\/\/hankstruebbq.com\/se\/","name":"Hank&#039;s True BBQ\u2122","description":"Barbecue p\u00e5 svenska","publisher":{"@id":"https:\/\/hankstruebbq.com\/se\/#organization"},"potentialAction":[{"@type":"SearchAction","target":{"@type":"EntryPoint","urlTemplate":"https:\/\/hankstruebbq.com\/se\/?s={search_term_string}"},"query-input":{"@type":"PropertyValueSpecification","valueRequired":true,"valueName":"search_term_string"}}],"inLanguage":"sv-SE"},{"@type":"Organization","@id":"https:\/\/hankstruebbq.com\/se\/#organization","name":"Hank's True BBQ","url":"https:\/\/hankstruebbq.com\/se\/","logo":{"@type":"ImageObject","inLanguage":"sv-SE","@id":"https:\/\/hankstruebbq.com\/se\/#\/schema\/logo\/image\/","url":"https:\/\/hankstruebbq.com\/se\/wp-content\/uploads\/2016\/05\/HanksTrueBBQLogo.png","contentUrl":"https:\/\/hankstruebbq.com\/se\/wp-content\/uploads\/2016\/05\/HanksTrueBBQLogo.png","width":350,"height":350,"caption":"Hank's True BBQ"},"image":{"@id":"https:\/\/hankstruebbq.com\/se\/#\/schema\/logo\/image\/"},"sameAs":["https:\/\/x.com\/hankstruebbq","https:\/\/www.instagram.com\/hankstruebbq\/","https:\/\/www.youtube.com\/c\/Hankstruebbq"]}]}},"jetpack_sharing_enabled":true,"jetpack-related-posts":[{"id":2930,"url":"https:\/\/hankstruebbq.com\/se\/platan\/","url_meta":{"origin":4648,"position":0},"title":"Plat\u00e5n","author":"Henrik Oscarsson","date":"17 januari 2016","format":false,"excerpt":"Allt du beh\u00f6ver veta om plat\u00e5n, den som sp\u00f6kar f\u00f6r m\u00e5nga som b\u00f6rjar med barbecue.","rel":"","context":"I \u201dBBQ-tekniker\u201d","block_context":{"text":"BBQ-tekniker","link":"https:\/\/hankstruebbq.com\/se\/category\/bbq-tekniker\/"},"img":{"alt_text":"Plat\u00e5n","src":"https:\/\/i0.wp.com\/hankstruebbq.com\/se\/wp-content\/uploads\/2017\/05\/TheStall.jpg?resize=350%2C200&ssl=1","width":350,"height":200,"srcset":"https:\/\/i0.wp.com\/hankstruebbq.com\/se\/wp-content\/uploads\/2017\/05\/TheStall.jpg?resize=350%2C200&ssl=1 1x, https:\/\/i0.wp.com\/hankstruebbq.com\/se\/wp-content\/uploads\/2017\/05\/TheStall.jpg?resize=525%2C300&ssl=1 1.5x, https:\/\/i0.wp.com\/hankstruebbq.com\/se\/wp-content\/uploads\/2017\/05\/TheStall.jpg?resize=700%2C400&ssl=1 2x"},"classes":[]},{"id":545,"url":"https:\/\/hankstruebbq.com\/se\/rubs-marinader-och-glasyrer\/","url_meta":{"origin":4648,"position":1},"title":"Rubs, marinader och glasyrer","author":"Henrik Oscarsson","date":"19 november 2014","format":false,"excerpt":"Kryddor, marinader och glasyrer","rel":"","context":"I \u201dMat-tekniker\u201d","block_context":{"text":"Mat-tekniker","link":"https:\/\/hankstruebbq.com\/se\/category\/mat-tekniker\/"},"img":{"alt_text":"Rubs, marinades and glazes","src":"https:\/\/i0.wp.com\/hankstruebbq.com\/se\/wp-content\/uploads\/2014\/12\/rubs_marinades.jpg?resize=350%2C200&ssl=1","width":350,"height":200,"srcset":"https:\/\/i0.wp.com\/hankstruebbq.com\/se\/wp-content\/uploads\/2014\/12\/rubs_marinades.jpg?resize=350%2C200&ssl=1 1x, https:\/\/i0.wp.com\/hankstruebbq.com\/se\/wp-content\/uploads\/2014\/12\/rubs_marinades.jpg?resize=525%2C300&ssl=1 1.5x, https:\/\/i0.wp.com\/hankstruebbq.com\/se\/wp-content\/uploads\/2014\/12\/rubs_marinades.jpg?resize=700%2C400&ssl=1 2x"},"classes":[]},{"id":311,"url":"https:\/\/hankstruebbq.com\/se\/konsten-att-bryna\/","url_meta":{"origin":4648,"position":2},"title":"Konsten att bryna","author":"Henrik Oscarsson","date":"11 november 2014","format":false,"excerpt":"Konsten att bryna. S\u00e5 h\u00e4r funkar det, l\u00e4r dig om Reverse Sear, och hur man vilar k\u00f6tt.","rel":"","context":"I \u201dMat-tekniker\u201d","block_context":{"text":"Mat-tekniker","link":"https:\/\/hankstruebbq.com\/se\/category\/mat-tekniker\/"},"img":{"alt_text":"Searing","src":"https:\/\/i0.wp.com\/hankstruebbq.com\/se\/wp-content\/uploads\/2014\/11\/searing.jpg?resize=350%2C200&ssl=1","width":350,"height":200,"srcset":"https:\/\/i0.wp.com\/hankstruebbq.com\/se\/wp-content\/uploads\/2014\/11\/searing.jpg?resize=350%2C200&ssl=1 1x, https:\/\/i0.wp.com\/hankstruebbq.com\/se\/wp-content\/uploads\/2014\/11\/searing.jpg?resize=525%2C300&ssl=1 1.5x, https:\/\/i0.wp.com\/hankstruebbq.com\/se\/wp-content\/uploads\/2014\/11\/searing.jpg?resize=700%2C400&ssl=1 2x"},"classes":[]},{"id":303,"url":"https:\/\/hankstruebbq.com\/se\/lar-dig-saltlag\/","url_meta":{"origin":4648,"position":3},"title":"L\u00e4r dig saltlag","author":"Henrik Oscarsson","date":"11 november 2014","format":false,"excerpt":"Anv\u00e4nd salt till din f\u00f6rdel. L\u00e4s mer om hur, samt olika s\u00e4tt att salta.","rel":"","context":"I \u201dBBQ-tekniker\u201d","block_context":{"text":"BBQ-tekniker","link":"https:\/\/hankstruebbq.com\/se\/category\/bbq-tekniker\/"},"img":{"alt_text":"Salt","src":"https:\/\/i0.wp.com\/hankstruebbq.com\/se\/wp-content\/uploads\/2014\/11\/salt.jpg?resize=350%2C200&ssl=1","width":350,"height":200,"srcset":"https:\/\/i0.wp.com\/hankstruebbq.com\/se\/wp-content\/uploads\/2014\/11\/salt.jpg?resize=350%2C200&ssl=1 1x, https:\/\/i0.wp.com\/hankstruebbq.com\/se\/wp-content\/uploads\/2014\/11\/salt.jpg?resize=525%2C300&ssl=1 1.5x, https:\/\/i0.wp.com\/hankstruebbq.com\/se\/wp-content\/uploads\/2014\/11\/salt.jpg?resize=700%2C400&ssl=1 2x"},"classes":[]},{"id":5103,"url":"https:\/\/hankstruebbq.com\/se\/eftervarme-och-vila\/","url_meta":{"origin":4648,"position":4},"title":"Efterv\u00e4rme och vila","author":"Henrik Oscarsson","date":"20 maj 2015","format":false,"excerpt":"L\u00e4r dig om hur efterv\u00e4rme fungerar, samt hur och varf\u00f6r man vilar k\u00f6tt. Man kan vila k\u00f6tt p\u00e5 olika s\u00e4tt beroende p\u00e5 om det \u00e4r en biff eller en hel stek.","rel":"","context":"I \u201dMat-tekniker\u201d","block_context":{"text":"Mat-tekniker","link":"https:\/\/hankstruebbq.com\/se\/category\/mat-tekniker\/"},"img":{"alt_text":"Efterva\u0308rme och att vila k\u00f6tt","src":"https:\/\/i0.wp.com\/hankstruebbq.com\/se\/wp-content\/uploads\/2018\/05\/Efterva%CC%88rmeOchVila.jpg?resize=350%2C200&ssl=1","width":350,"height":200,"srcset":"https:\/\/i0.wp.com\/hankstruebbq.com\/se\/wp-content\/uploads\/2018\/05\/Efterva%CC%88rmeOchVila.jpg?resize=350%2C200&ssl=1 1x, https:\/\/i0.wp.com\/hankstruebbq.com\/se\/wp-content\/uploads\/2018\/05\/Efterva%CC%88rmeOchVila.jpg?resize=525%2C300&ssl=1 1.5x, https:\/\/i0.wp.com\/hankstruebbq.com\/se\/wp-content\/uploads\/2018\/05\/Efterva%CC%88rmeOchVila.jpg?resize=700%2C400&ssl=1 2x"},"classes":[]},{"id":411,"url":"https:\/\/hankstruebbq.com\/se\/direkt-varme-vs-indirekt-varme\/","url_meta":{"origin":4648,"position":5},"title":"Direkt vs indirekt v\u00e4rme","author":"Henrik Oscarsson","date":"15 november 2014","format":false,"excerpt":"L\u00e4r dig hur man b\u00e4st s\u00e4tter upp grillen f\u00f6r olika v\u00e4rmezoner.","rel":"","context":"I \u201dBBQ-tekniker\u201d","block_context":{"text":"BBQ-tekniker","link":"https:\/\/hankstruebbq.com\/se\/category\/bbq-tekniker\/"},"img":{"alt_text":"Direkt v\u00e4rme vs indirekt v\u00e4rme","src":"https:\/\/i0.wp.com\/hankstruebbq.com\/se\/wp-content\/uploads\/2020\/02\/direct_vs_indirect_heat.jpg?resize=350%2C200&ssl=1","width":350,"height":200,"srcset":"https:\/\/i0.wp.com\/hankstruebbq.com\/se\/wp-content\/uploads\/2020\/02\/direct_vs_indirect_heat.jpg?resize=350%2C200&ssl=1 1x, https:\/\/i0.wp.com\/hankstruebbq.com\/se\/wp-content\/uploads\/2020\/02\/direct_vs_indirect_heat.jpg?resize=525%2C300&ssl=1 1.5x, https:\/\/i0.wp.com\/hankstruebbq.com\/se\/wp-content\/uploads\/2020\/02\/direct_vs_indirect_heat.jpg?resize=700%2C400&ssl=1 2x, https:\/\/i0.wp.com\/hankstruebbq.com\/se\/wp-content\/uploads\/2020\/02\/direct_vs_indirect_heat.jpg?resize=1050%2C600&ssl=1 3x"},"classes":[]}],"_links":{"self":[{"href":"https:\/\/hankstruebbq.com\/se\/wp-json\/wp\/v2\/pages\/4648","targetHints":{"allow":["GET"]}}],"collection":[{"href":"https:\/\/hankstruebbq.com\/se\/wp-json\/wp\/v2\/pages"}],"about":[{"href":"https:\/\/hankstruebbq.com\/se\/wp-json\/wp\/v2\/types\/page"}],"author":[{"embeddable":true,"href":"https:\/\/hankstruebbq.com\/se\/wp-json\/wp\/v2\/users\/1"}],"replies":[{"embeddable":true,"href":"https:\/\/hankstruebbq.com\/se\/wp-json\/wp\/v2\/comments?post=4648"}],"version-history":[{"count":1,"href":"https:\/\/hankstruebbq.com\/se\/wp-json\/wp\/v2\/pages\/4648\/revisions"}],"predecessor-version":[{"id":10417,"href":"https:\/\/hankstruebbq.com\/se\/wp-json\/wp\/v2\/pages\/4648\/revisions\/10417"}],"wp:featuredmedia":[{"embeddable":true,"href":"https:\/\/hankstruebbq.com\/se\/wp-json\/wp\/v2\/media\/6033"}],"wp:attachment":[{"href":"https:\/\/hankstruebbq.com\/se\/wp-json\/wp\/v2\/media?parent=4648"}],"curies":[{"name":"wp","href":"https:\/\/api.w.org\/{rel}","templated":true}]}}